{"id":13711,"date":"2021-08-24T19:05:11","date_gmt":"2021-08-24T19:05:11","guid":{"rendered":"https:\/\/uus.kokariided.ee\/?product=voeoepoll-100x80-must-ja-lohikuga"},"modified":"2024-12-16T17:32:18","modified_gmt":"2024-12-16T17:32:18","slug":"voeoepoll-100x80-must-ja-lohikuga","status":"publish","type":"product","link":"https:\/\/uus.kokariided.ee\/en\/product\/voeoepoll-100x80-must-ja-lohikuga\/","title":{"rendered":"V\u00f6\u00f6p\u00f5ll 100&#215;80, must ja l\u00f5hikuga"},"content":{"rendered":"","protected":false},"excerpt":{"rendered":"<p>V\u00f6\u00f6p\u00f5ll, millel on l\u00f5hik ning paremal pool \u00fcks tasku, kuhu saab teenindamiseks vajalikud esemed kenasti paigutada. P\u00f5lle keskosas asuv l\u00f5hik pakub t\u00e4ielikku liikumsvabadust ja annab ka trendika v\u00e4limuse.<br \/>\n65 %\u00a0pol\u00fcester, 35% puuvill<br \/>\n\u00a0\u00a0\u00a0\u00a0<\/p>","protected":false},"featured_media":13712,"comment_status":"open","ping_status":"closed","template":"","meta":[],"product_cat":[104,112,146,145,746,785],"product_tag":[],"class_list":{"0":"post-13711","1":"product","2":"type-product","3":"status-publish","4":"has-post-thumbnail","6":"product_brand-greiff","7":"product_cat-kokariided","8":"product_cat-polled","9":"product_cat-polled1755886053","10":"product_cat-teenindusriided","11":"product_cat-voeoepoll-100x80cm","12":"product_cat-voeoepoll-100x80cm1756115206","14":"first","15":"instock","16":"shipping-taxable","17":"purchasable","18":"product-type-simple"},"_links":{"self":[{"href":"https:\/\/uus.kokariided.ee\/en\/wp-json\/wp\/v2\/product\/13711","targetHints":{"allow":["GET"]}}],"collection":[{"href":"https:\/\/uus.kokariided.ee\/en\/wp-json\/wp\/v2\/product"}],"about":[{"href":"https:\/\/uus.kokariided.ee\/en\/wp-json\/wp\/v2\/types\/product"}],"replies":[{"embeddable":true,"href":"https:\/\/uus.kokariided.ee\/en\/wp-json\/wp\/v2\/comments?post=13711"}],"wp:featuredmedia":[{"embeddable":true,"href":"https:\/\/uus.kokariided.ee\/en\/wp-json\/wp\/v2\/media\/13712"}],"wp:attachment":[{"href":"https:\/\/uus.kokariided.ee\/en\/wp-json\/wp\/v2\/media?parent=13711"}],"wp:term":[{"taxonomy":"product_cat","embeddable":true,"href":"https:\/\/uus.kokariided.ee\/en\/wp-json\/wp\/v2\/product_cat?post=13711"},{"taxonomy":"product_tag","embeddable":true,"href":"https:\/\/uus.kokariided.ee\/en\/wp-json\/wp\/v2\/product_tag?post=13711"}],"curies":[{"name":"wp","href":"https:\/\/api.w.org\/{rel}","templated":true}]}}