{"id":13717,"date":"2021-08-26T21:18:11","date_gmt":"2021-08-26T21:18:11","guid":{"rendered":"https:\/\/uus.kokariided.ee\/?product=voeoepoll-dakar-jeans-100x70cm"},"modified":"2025-01-30T10:37:49","modified_gmt":"2025-01-30T10:37:49","slug":"voeoepoll-dakar-jeans-100x70cm","status":"publish","type":"product","link":"https:\/\/uus.kokariided.ee\/en\/product\/voeoepoll-dakar-jeans-100x70cm\/","title":{"rendered":"V\u00f6\u00f6p\u00f5ll DAKAR JEANS 100x70cm"},"content":{"rendered":"","protected":false},"excerpt":{"rendered":"<p>N\u00e4gus ja trendikas v\u00f6\u00f6p\u00f5ll, mille paremal k\u00fcljel on tasku.\u00a0Sobib nii teenindusse kui k\u00f6\u00f6ki.<br \/>\n100% puuvill,\u00a0100x70cm<\/p>","protected":false},"featured_media":13718,"comment_status":"open","ping_status":"closed","template":"","meta":[],"product_cat":[104,112,146,145,785],"product_tag":[228],"class_list":{"0":"post-13717","1":"product","2":"type-product","3":"status-publish","4":"has-post-thumbnail","6":"product_brand-isacco","7":"product_cat-kokariided","8":"product_cat-polled","9":"product_cat-polled1755886053","10":"product_cat-teenindusriided","11":"product_cat-voeoepoll-100x80cm1756115206","12":"product_tag-soodus","14":"first","15":"instock","16":"sale","17":"shipping-taxable","18":"purchasable","19":"product-type-simple"},"_links":{"self":[{"href":"https:\/\/uus.kokariided.ee\/en\/wp-json\/wp\/v2\/product\/13717","targetHints":{"allow":["GET"]}}],"collection":[{"href":"https:\/\/uus.kokariided.ee\/en\/wp-json\/wp\/v2\/product"}],"about":[{"href":"https:\/\/uus.kokariided.ee\/en\/wp-json\/wp\/v2\/types\/product"}],"replies":[{"embeddable":true,"href":"https:\/\/uus.kokariided.ee\/en\/wp-json\/wp\/v2\/comments?post=13717"}],"wp:featuredmedia":[{"embeddable":true,"href":"https:\/\/uus.kokariided.ee\/en\/wp-json\/wp\/v2\/media\/13718"}],"wp:attachment":[{"href":"https:\/\/uus.kokariided.ee\/en\/wp-json\/wp\/v2\/media?parent=13717"}],"wp:term":[{"taxonomy":"product_cat","embeddable":true,"href":"https:\/\/uus.kokariided.ee\/en\/wp-json\/wp\/v2\/product_cat?post=13717"},{"taxonomy":"product_tag","embeddable":true,"href":"https:\/\/uus.kokariided.ee\/en\/wp-json\/wp\/v2\/product_tag?post=13717"}],"curies":[{"name":"wp","href":"https:\/\/api.w.org\/{rel}","templated":true}]}}