{"id":13803,"date":"2021-10-07T14:14:27","date_gmt":"2021-10-07T14:14:27","guid":{"rendered":"https:\/\/uus.kokariided.ee\/?product=laste-kokapoll-must-40x60cm"},"modified":"2024-05-10T12:27:03","modified_gmt":"2024-05-10T12:27:03","slug":"laste-kokapoll-must-40x60cm","status":"publish","type":"product","link":"https:\/\/uus.kokariided.ee\/en\/product\/laste-kokapoll-must-40x60cm\/","title":{"rendered":"Laste kokap\u00f5ll MUST 40x60cm"},"content":{"rendered":"","protected":false},"excerpt":{"rendered":"<p>P\u00f5ll 40x60cm, kaelapael trukkidega reguleeritav, \u00fche\u00a0parempoolse taskuga65% pol\u00fcester, 35% puuvill, 220 g\/m\u00b2Pesta temperatuuril 60 \u00b0C.<\/p>","protected":false},"featured_media":13804,"comment_status":"open","ping_status":"closed","template":"","meta":[],"product_cat":[158],"product_tag":[],"class_list":{"0":"post-13803","1":"product","2":"type-product","3":"status-publish","4":"has-post-thumbnail","6":"product_brand-exner","7":"product_cat-laste-kokariided","9":"first","10":"instock","11":"shipping-taxable","12":"purchasable","13":"product-type-variable"},"_links":{"self":[{"href":"https:\/\/uus.kokariided.ee\/en\/wp-json\/wp\/v2\/product\/13803","targetHints":{"allow":["GET"]}}],"collection":[{"href":"https:\/\/uus.kokariided.ee\/en\/wp-json\/wp\/v2\/product"}],"about":[{"href":"https:\/\/uus.kokariided.ee\/en\/wp-json\/wp\/v2\/types\/product"}],"replies":[{"embeddable":true,"href":"https:\/\/uus.kokariided.ee\/en\/wp-json\/wp\/v2\/comments?post=13803"}],"wp:featuredmedia":[{"embeddable":true,"href":"https:\/\/uus.kokariided.ee\/en\/wp-json\/wp\/v2\/media\/13804"}],"wp:attachment":[{"href":"https:\/\/uus.kokariided.ee\/en\/wp-json\/wp\/v2\/media?parent=13803"}],"wp:term":[{"taxonomy":"product_cat","embeddable":true,"href":"https:\/\/uus.kokariided.ee\/en\/wp-json\/wp\/v2\/product_cat?post=13803"},{"taxonomy":"product_tag","embeddable":true,"href":"https:\/\/uus.kokariided.ee\/en\/wp-json\/wp\/v2\/product_tag?post=13803"}],"curies":[{"name":"wp","href":"https:\/\/api.w.org\/{rel}","templated":true}]}}