{"id":13864,"date":"2021-10-29T19:40:14","date_gmt":"2021-10-29T19:40:14","guid":{"rendered":"https:\/\/uus.kokariided.ee\/?product=kokapueksid-bazzy-stretch"},"modified":"2025-08-15T16:12:22","modified_gmt":"2025-08-15T16:12:22","slug":"kokapueksid-bazzy-stretch","status":"publish","type":"product","link":"https:\/\/uus.kokariided.ee\/en\/product\/kokapueksid-bazzy-stretch\/","title":{"rendered":"Kokap\u00fcksid Bazzy Stretch"},"content":{"rendered":"","protected":false},"excerpt":{"rendered":"<p>Uus kokap\u00fcks Bazzy mugavust hindavale kokale.<br \/>\nV\u00e4rvel kummi ning paelaga, kaks taskut ees, \u00fcks taga. Unisex p\u00fcksid.<br \/>\n53% puuvill, 44% pol\u00fcester ja 3% spandeks<\/p>","protected":false},"featured_media":13865,"comment_status":"open","ping_status":"closed","template":"","meta":[],"product_cat":[104,787,788,113],"product_tag":[],"class_list":{"0":"post-13864","1":"product","2":"type-product","3":"status-publish","4":"has-post-thumbnail","6":"product_brand-egochef","7":"product_cat-kokariided","8":"product_cat-meeste-kokapueksid","9":"product_cat-naiste-kokapueksid","10":"product_cat-pueksid","12":"first","13":"instock","14":"shipping-taxable","15":"purchasable","16":"product-type-variable"},"_links":{"self":[{"href":"https:\/\/uus.kokariided.ee\/en\/wp-json\/wp\/v2\/product\/13864","targetHints":{"allow":["GET"]}}],"collection":[{"href":"https:\/\/uus.kokariided.ee\/en\/wp-json\/wp\/v2\/product"}],"about":[{"href":"https:\/\/uus.kokariided.ee\/en\/wp-json\/wp\/v2\/types\/product"}],"replies":[{"embeddable":true,"href":"https:\/\/uus.kokariided.ee\/en\/wp-json\/wp\/v2\/comments?post=13864"}],"wp:featuredmedia":[{"embeddable":true,"href":"https:\/\/uus.kokariided.ee\/en\/wp-json\/wp\/v2\/media\/13865"}],"wp:attachment":[{"href":"https:\/\/uus.kokariided.ee\/en\/wp-json\/wp\/v2\/media?parent=13864"}],"wp:term":[{"taxonomy":"product_cat","embeddable":true,"href":"https:\/\/uus.kokariided.ee\/en\/wp-json\/wp\/v2\/product_cat?post=13864"},{"taxonomy":"product_tag","embeddable":true,"href":"https:\/\/uus.kokariided.ee\/en\/wp-json\/wp\/v2\/product_tag?post=13864"}],"curies":[{"name":"wp","href":"https:\/\/api.w.org\/{rel}","templated":true}]}}