{"id":13877,"date":"2021-11-09T15:24:00","date_gmt":"2021-11-09T15:24:00","guid":{"rendered":"https:\/\/uus.kokariided.ee\/?product=poll-90x70-brown"},"modified":"2024-07-16T15:59:00","modified_gmt":"2024-07-16T15:59:00","slug":"poll-90x70-brown","status":"publish","type":"product","link":"https:\/\/uus.kokariided.ee\/en\/product\/poll-90x70-brown\/","title":{"rendered":"P\u00f5ll 70x90cm Brown"},"content":{"rendered":"","protected":false},"excerpt":{"rendered":"<p>P\u00f5ll 70x90cmP\u00f5ll sobilik\u00a0 teenindajale\/kokale, taskutegaMaterjalid:65% pol\u00fcester \/ 35 %puuvill<\/p>","protected":false},"featured_media":13878,"comment_status":"open","ping_status":"closed","template":"","meta":[],"product_cat":[774,104,146,112,145],"product_tag":[567,568],"class_list":{"0":"post-13877","1":"product","2":"type-product","3":"status-publish","4":"has-post-thumbnail","6":"product_brand-egochef","7":"product_cat-klapiga-poll-70x90cm","8":"product_cat-kokariided","9":"product_cat-polled1755886053","10":"product_cat-polled","11":"product_cat-teenindusriided","12":"product_tag-pruun-poll-kokale","13":"product_tag-pruun-poll-teenindajale","15":"first","16":"instock","17":"shipping-taxable","18":"purchasable","19":"product-type-variable"},"_links":{"self":[{"href":"https:\/\/uus.kokariided.ee\/en\/wp-json\/wp\/v2\/product\/13877","targetHints":{"allow":["GET"]}}],"collection":[{"href":"https:\/\/uus.kokariided.ee\/en\/wp-json\/wp\/v2\/product"}],"about":[{"href":"https:\/\/uus.kokariided.ee\/en\/wp-json\/wp\/v2\/types\/product"}],"replies":[{"embeddable":true,"href":"https:\/\/uus.kokariided.ee\/en\/wp-json\/wp\/v2\/comments?post=13877"}],"wp:featuredmedia":[{"embeddable":true,"href":"https:\/\/uus.kokariided.ee\/en\/wp-json\/wp\/v2\/media\/13878"}],"wp:attachment":[{"href":"https:\/\/uus.kokariided.ee\/en\/wp-json\/wp\/v2\/media?parent=13877"}],"wp:term":[{"taxonomy":"product_cat","embeddable":true,"href":"https:\/\/uus.kokariided.ee\/en\/wp-json\/wp\/v2\/product_cat?post=13877"},{"taxonomy":"product_tag","embeddable":true,"href":"https:\/\/uus.kokariided.ee\/en\/wp-json\/wp\/v2\/product_tag?post=13877"}],"curies":[{"name":"wp","href":"https:\/\/api.w.org\/{rel}","templated":true}]}}