{"id":13898,"date":"2021-11-09T16:22:10","date_gmt":"2021-11-09T16:22:10","guid":{"rendered":"https:\/\/uus.kokariided.ee\/?product=poll-90x70-gear"},"modified":"2023-08-25T14:25:17","modified_gmt":"2023-08-25T14:25:17","slug":"poll-90x70-gear","status":"publish","type":"product","link":"https:\/\/uus.kokariided.ee\/en\/product\/poll-90x70-gear\/","title":{"rendered":"P\u00f5ll 70x90cm Gear"},"content":{"rendered":"","protected":false},"excerpt":{"rendered":"<p>P\u00f5ll 70x90cmP\u00f5ll sobilik\u00a0 teenindajale\/kokale, taskutegaMaterjalid:100% puuvill<\/p>","protected":false},"featured_media":13899,"comment_status":"open","ping_status":"closed","template":"","meta":[],"product_cat":[774,104,146,112,145],"product_tag":[],"class_list":{"0":"post-13898","1":"product","2":"type-product","3":"status-publish","4":"has-post-thumbnail","6":"product_brand-egochef","7":"product_cat-klapiga-poll-70x90cm","8":"product_cat-kokariided","9":"product_cat-polled1755886053","10":"product_cat-polled","11":"product_cat-teenindusriided","13":"first","14":"instock","15":"shipping-taxable","16":"purchasable","17":"product-type-variable"},"_links":{"self":[{"href":"https:\/\/uus.kokariided.ee\/en\/wp-json\/wp\/v2\/product\/13898","targetHints":{"allow":["GET"]}}],"collection":[{"href":"https:\/\/uus.kokariided.ee\/en\/wp-json\/wp\/v2\/product"}],"about":[{"href":"https:\/\/uus.kokariided.ee\/en\/wp-json\/wp\/v2\/types\/product"}],"replies":[{"embeddable":true,"href":"https:\/\/uus.kokariided.ee\/en\/wp-json\/wp\/v2\/comments?post=13898"}],"wp:featuredmedia":[{"embeddable":true,"href":"https:\/\/uus.kokariided.ee\/en\/wp-json\/wp\/v2\/media\/13899"}],"wp:attachment":[{"href":"https:\/\/uus.kokariided.ee\/en\/wp-json\/wp\/v2\/media?parent=13898"}],"wp:term":[{"taxonomy":"product_cat","embeddable":true,"href":"https:\/\/uus.kokariided.ee\/en\/wp-json\/wp\/v2\/product_cat?post=13898"},{"taxonomy":"product_tag","embeddable":true,"href":"https:\/\/uus.kokariided.ee\/en\/wp-json\/wp\/v2\/product_tag?post=13898"}],"curies":[{"name":"wp","href":"https:\/\/api.w.org\/{rel}","templated":true}]}}