{"id":13937,"date":"2021-11-12T11:14:35","date_gmt":"2021-11-12T11:14:35","guid":{"rendered":"https:\/\/uus.kokariided.ee\/?product=kokajakk-twins-iron"},"modified":"2023-09-01T17:29:22","modified_gmt":"2023-09-01T17:29:22","slug":"kokajakk-twins-iron","status":"publish","type":"product","link":"https:\/\/uus.kokariided.ee\/en\/product\/kokajakk-twins-iron\/","title":{"rendered":"Kokajakk Twins Iron"},"content":{"rendered":"","protected":false},"excerpt":{"rendered":"<p>Twins Iron kokajakk on\u00a0\u00fchend\u00a0moest ja t\u00f6\u00f6r\u00f5ivast. Kokajakk kehastab populaarset disaini koos maitseka ruudulise mustri ja rinnataskuga. Kokajakk loob trendika ja j\u00f5ulise mulje, kuid aitab luua ka hoolitsetud v\u00e4limuse.<br \/>\nKehasse t\u00f6\u00f6deldudTrukk-kinnitusega&#8221;seljal 3 kihiline v\u00f5rk-kangas&#8221;\u00a0<br \/>\n100% puuvillEasy Iron<\/p>","protected":false},"featured_media":13938,"comment_status":"open","ping_status":"closed","template":"","meta":[],"product_cat":[789,790],"product_tag":[],"class_list":{"0":"post-13937","1":"product","2":"type-product","3":"status-publish","4":"has-post-thumbnail","6":"product_brand-egochef","7":"product_cat-meeste-unisex-kokajakid","8":"product_cat-naiste-kokajakid","10":"first","11":"instock","12":"shipping-taxable","13":"purchasable","14":"product-type-variable"},"_links":{"self":[{"href":"https:\/\/uus.kokariided.ee\/en\/wp-json\/wp\/v2\/product\/13937","targetHints":{"allow":["GET"]}}],"collection":[{"href":"https:\/\/uus.kokariided.ee\/en\/wp-json\/wp\/v2\/product"}],"about":[{"href":"https:\/\/uus.kokariided.ee\/en\/wp-json\/wp\/v2\/types\/product"}],"replies":[{"embeddable":true,"href":"https:\/\/uus.kokariided.ee\/en\/wp-json\/wp\/v2\/comments?post=13937"}],"wp:featuredmedia":[{"embeddable":true,"href":"https:\/\/uus.kokariided.ee\/en\/wp-json\/wp\/v2\/media\/13938"}],"wp:attachment":[{"href":"https:\/\/uus.kokariided.ee\/en\/wp-json\/wp\/v2\/media?parent=13937"}],"wp:term":[{"taxonomy":"product_cat","embeddable":true,"href":"https:\/\/uus.kokariided.ee\/en\/wp-json\/wp\/v2\/product_cat?post=13937"},{"taxonomy":"product_tag","embeddable":true,"href":"https:\/\/uus.kokariided.ee\/en\/wp-json\/wp\/v2\/product_tag?post=13937"}],"curies":[{"name":"wp","href":"https:\/\/api.w.org\/{rel}","templated":true}]}}