{"id":14031,"date":"2021-12-29T14:28:34","date_gmt":"2021-12-29T14:28:34","guid":{"rendered":"https:\/\/uus.kokariided.ee\/?product=kokapueksid-jeans"},"modified":"2023-07-26T12:42:34","modified_gmt":"2023-07-26T12:42:34","slug":"kokapueksid-jeans","status":"publish","type":"product","link":"https:\/\/uus.kokariided.ee\/en\/product\/kokapueksid-jeans\/","title":{"rendered":"Kokap\u00fcksid Jeans"},"content":{"rendered":"","protected":false},"excerpt":{"rendered":"<p>Materjal: 60% puuvill ja 40% pol\u00fcesterMugavad modernsed kokap\u00fcksid n\u00f6\u00f6ri ja kummiga, taskutegaSuurused: S-3XL<\/p>","protected":false},"featured_media":14032,"comment_status":"open","ping_status":"closed","template":"","meta":[],"product_cat":[104,787,788,113],"product_tag":[],"class_list":{"0":"post-14031","1":"product","2":"type-product","3":"status-publish","4":"has-post-thumbnail","6":"product_brand-egochef","7":"product_cat-kokariided","8":"product_cat-meeste-kokapueksid","9":"product_cat-naiste-kokapueksid","10":"product_cat-pueksid","12":"first","13":"instock","14":"shipping-taxable","15":"purchasable","16":"product-type-variable"},"_links":{"self":[{"href":"https:\/\/uus.kokariided.ee\/en\/wp-json\/wp\/v2\/product\/14031","targetHints":{"allow":["GET"]}}],"collection":[{"href":"https:\/\/uus.kokariided.ee\/en\/wp-json\/wp\/v2\/product"}],"about":[{"href":"https:\/\/uus.kokariided.ee\/en\/wp-json\/wp\/v2\/types\/product"}],"replies":[{"embeddable":true,"href":"https:\/\/uus.kokariided.ee\/en\/wp-json\/wp\/v2\/comments?post=14031"}],"wp:featuredmedia":[{"embeddable":true,"href":"https:\/\/uus.kokariided.ee\/en\/wp-json\/wp\/v2\/media\/14032"}],"wp:attachment":[{"href":"https:\/\/uus.kokariided.ee\/en\/wp-json\/wp\/v2\/media?parent=14031"}],"wp:term":[{"taxonomy":"product_cat","embeddable":true,"href":"https:\/\/uus.kokariided.ee\/en\/wp-json\/wp\/v2\/product_cat?post=14031"},{"taxonomy":"product_tag","embeddable":true,"href":"https:\/\/uus.kokariided.ee\/en\/wp-json\/wp\/v2\/product_tag?post=14031"}],"curies":[{"name":"wp","href":"https:\/\/api.w.org\/{rel}","templated":true}]}}