{"id":14039,"date":"2022-01-06T11:31:56","date_gmt":"2022-01-06T11:31:56","guid":{"rendered":"https:\/\/uus.kokariided.ee\/?product=laste-kokapoll-denim-45x60cm"},"modified":"2024-10-31T12:44:41","modified_gmt":"2024-10-31T12:44:41","slug":"laste-kokapoll-denim-45x60cm","status":"publish","type":"product","link":"https:\/\/uus.kokariided.ee\/en\/product\/laste-kokapoll-denim-45x60cm\/","title":{"rendered":"Laste kokap\u00f5ll Denim Blue 45x60cm"},"content":{"rendered":"","protected":false},"excerpt":{"rendered":"<p>Laste kokap\u00f5ll m\u00f5\u00f5tudega 45x60cm. Kaelapael on reguleeritav D-r\u00f5ngastega, kaks taskut m\u00f5\u00f5tudega 31cm x 17cm.100% puuvill, 295 g\/m2<br \/>\nHooldusjuhised: Peske temperatuuril kuni 40\u00b0C<\/p>","protected":false},"featured_media":14040,"comment_status":"open","ping_status":"closed","template":"","meta":[],"product_cat":[158],"product_tag":[],"class_list":{"0":"post-14039","1":"product","2":"type-product","3":"status-publish","4":"has-post-thumbnail","6":"product_brand-exner","7":"product_cat-laste-kokariided","9":"first","10":"instock","11":"shipping-taxable","12":"purchasable","13":"product-type-variable"},"_links":{"self":[{"href":"https:\/\/uus.kokariided.ee\/en\/wp-json\/wp\/v2\/product\/14039","targetHints":{"allow":["GET"]}}],"collection":[{"href":"https:\/\/uus.kokariided.ee\/en\/wp-json\/wp\/v2\/product"}],"about":[{"href":"https:\/\/uus.kokariided.ee\/en\/wp-json\/wp\/v2\/types\/product"}],"replies":[{"embeddable":true,"href":"https:\/\/uus.kokariided.ee\/en\/wp-json\/wp\/v2\/comments?post=14039"}],"wp:featuredmedia":[{"embeddable":true,"href":"https:\/\/uus.kokariided.ee\/en\/wp-json\/wp\/v2\/media\/14040"}],"wp:attachment":[{"href":"https:\/\/uus.kokariided.ee\/en\/wp-json\/wp\/v2\/media?parent=14039"}],"wp:term":[{"taxonomy":"product_cat","embeddable":true,"href":"https:\/\/uus.kokariided.ee\/en\/wp-json\/wp\/v2\/product_cat?post=14039"},{"taxonomy":"product_tag","embeddable":true,"href":"https:\/\/uus.kokariided.ee\/en\/wp-json\/wp\/v2\/product_tag?post=14039"}],"curies":[{"name":"wp","href":"https:\/\/api.w.org\/{rel}","templated":true}]}}