{"id":14065,"date":"2022-03-17T15:26:53","date_gmt":"2022-03-17T15:26:53","guid":{"rendered":"https:\/\/uus.kokariided.ee\/?product=laste-kokapoll-chili-pepper-50x55cm"},"modified":"2023-02-09T16:09:23","modified_gmt":"2023-02-09T16:09:23","slug":"laste-kokapoll-chili-pepper-50x55cm","status":"publish","type":"product","link":"https:\/\/uus.kokariided.ee\/en\/product\/laste-kokapoll-chili-pepper-50x55cm\/","title":{"rendered":"Laste kokap\u00f5ll Chili Pepper 50x55cm"},"content":{"rendered":"","protected":false},"excerpt":{"rendered":"<p>Laste kokap\u00f5ll 50x55cm, kaelapael trukkidega reguleeritav, \u00fche taskuga100% puuvill, 200 g\/m2<br \/>\nPesta temperatuuril kuni 60\u00b0C, enne esimest kasutamist pesta 30\u00b0C<\/p>","protected":false},"featured_media":14066,"comment_status":"open","ping_status":"closed","template":"","meta":[],"product_cat":[158],"product_tag":[],"class_list":{"0":"post-14065","1":"product","2":"type-product","3":"status-publish","4":"has-post-thumbnail","6":"product_brand-chaud-devant","7":"product_cat-laste-kokariided","9":"first","10":"instock","11":"shipping-taxable","12":"purchasable","13":"product-type-variable"},"_links":{"self":[{"href":"https:\/\/uus.kokariided.ee\/en\/wp-json\/wp\/v2\/product\/14065","targetHints":{"allow":["GET"]}}],"collection":[{"href":"https:\/\/uus.kokariided.ee\/en\/wp-json\/wp\/v2\/product"}],"about":[{"href":"https:\/\/uus.kokariided.ee\/en\/wp-json\/wp\/v2\/types\/product"}],"replies":[{"embeddable":true,"href":"https:\/\/uus.kokariided.ee\/en\/wp-json\/wp\/v2\/comments?post=14065"}],"wp:featuredmedia":[{"embeddable":true,"href":"https:\/\/uus.kokariided.ee\/en\/wp-json\/wp\/v2\/media\/14066"}],"wp:attachment":[{"href":"https:\/\/uus.kokariided.ee\/en\/wp-json\/wp\/v2\/media?parent=14065"}],"wp:term":[{"taxonomy":"product_cat","embeddable":true,"href":"https:\/\/uus.kokariided.ee\/en\/wp-json\/wp\/v2\/product_cat?post=14065"},{"taxonomy":"product_tag","embeddable":true,"href":"https:\/\/uus.kokariided.ee\/en\/wp-json\/wp\/v2\/product_tag?post=14065"}],"curies":[{"name":"wp","href":"https:\/\/api.w.org\/{rel}","templated":true}]}}