{"id":14073,"date":"2022-03-18T13:49:00","date_gmt":"2022-03-18T13:49:00","guid":{"rendered":"https:\/\/uus.kokariided.ee\/?product=klapiga-poll-douglas-80x100cm"},"modified":"2025-06-17T14:27:40","modified_gmt":"2025-06-17T14:27:40","slug":"klapiga-poll-douglas-80x100cm","status":"publish","type":"product","link":"https:\/\/uus.kokariided.ee\/en\/product\/klapiga-poll-douglas-80x100cm\/","title":{"rendered":"Klapiga p\u00f5ll Douglas 80x100cm"},"content":{"rendered":"","protected":false},"excerpt":{"rendered":"<p>Klapiga p\u00f5ll, millel on suur v\u00f6\u00f6tasku ning kaks v\u00e4iksemat taskut, rinna vasakul pool on tasku kirjutusvahendi jaoks. P\u00f5ll on sinistes ning pruunides toonides tartanmustiga, millele lisavad s\u00e4rtsu saviv\u00e4rvi topelt\u00f5mblused.<br \/>\n68% pol\u00fcester, 30% viskoos, 2% elastaan,\u00a0175 g\/m\u00b2<br \/>\nHooldus:<\/p>","protected":false},"featured_media":14074,"comment_status":"open","ping_status":"closed","template":"","meta":[],"product_cat":[160,112,782,766],"product_tag":[],"class_list":{"0":"post-14073","1":"product","2":"type-product","3":"status-publish","4":"has-post-thumbnail","6":"product_brand-chaud-devant","7":"product_cat-klapiga-poll-75x90cm","8":"product_cat-polled","9":"product_cat-polled1756115199","10":"product_cat-teenindusriided1756114957","12":"first","13":"instock","14":"shipping-taxable","15":"purchasable","16":"product-type-simple"},"_links":{"self":[{"href":"https:\/\/uus.kokariided.ee\/en\/wp-json\/wp\/v2\/product\/14073","targetHints":{"allow":["GET"]}}],"collection":[{"href":"https:\/\/uus.kokariided.ee\/en\/wp-json\/wp\/v2\/product"}],"about":[{"href":"https:\/\/uus.kokariided.ee\/en\/wp-json\/wp\/v2\/types\/product"}],"replies":[{"embeddable":true,"href":"https:\/\/uus.kokariided.ee\/en\/wp-json\/wp\/v2\/comments?post=14073"}],"wp:featuredmedia":[{"embeddable":true,"href":"https:\/\/uus.kokariided.ee\/en\/wp-json\/wp\/v2\/media\/14074"}],"wp:attachment":[{"href":"https:\/\/uus.kokariided.ee\/en\/wp-json\/wp\/v2\/media?parent=14073"}],"wp:term":[{"taxonomy":"product_cat","embeddable":true,"href":"https:\/\/uus.kokariided.ee\/en\/wp-json\/wp\/v2\/product_cat?post=14073"},{"taxonomy":"product_tag","embeddable":true,"href":"https:\/\/uus.kokariided.ee\/en\/wp-json\/wp\/v2\/product_tag?post=14073"}],"curies":[{"name":"wp","href":"https:\/\/api.w.org\/{rel}","templated":true}]}}