{"id":14087,"date":"2022-04-01T14:11:46","date_gmt":"2022-04-01T14:11:46","guid":{"rendered":"https:\/\/uus.kokariided.ee\/?product=laste-kokapoll-navy-denim-45x60cm"},"modified":"2024-11-08T13:38:04","modified_gmt":"2024-11-08T13:38:04","slug":"laste-kokapoll-navy-denim-45x60cm","status":"publish","type":"product","link":"https:\/\/uus.kokariided.ee\/en\/product\/laste-kokapoll-navy-denim-45x60cm\/","title":{"rendered":"Laste kokap\u00f5ll Navy Denim 45x60cm"},"content":{"rendered":"","protected":false},"excerpt":{"rendered":"<p>Laste kokap\u00f5ll m\u00f5\u00f5tudega 45x60cm. Kaelapael on karabiinidega kinnitatav ning tagant risti, millega ei teki kaelale pinget. P\u00f5llel on 5 taskut ning\u00a0p\u00f5lle on\u00a0kunstnahast detailidega kaunistatud.<br \/>\n100% puuvill, 180 g\/m2<br \/>\nPesemisjuhend: pesu kuni 40 kraadi<\/p>","protected":false},"featured_media":14088,"comment_status":"open","ping_status":"closed","template":"","meta":[],"product_cat":[158],"product_tag":[],"class_list":{"0":"post-14087","1":"product","2":"type-product","3":"status-publish","4":"has-post-thumbnail","6":"product_brand-exner","7":"product_cat-laste-kokariided","9":"first","10":"instock","11":"shipping-taxable","12":"purchasable","13":"product-type-variable"},"_links":{"self":[{"href":"https:\/\/uus.kokariided.ee\/en\/wp-json\/wp\/v2\/product\/14087","targetHints":{"allow":["GET"]}}],"collection":[{"href":"https:\/\/uus.kokariided.ee\/en\/wp-json\/wp\/v2\/product"}],"about":[{"href":"https:\/\/uus.kokariided.ee\/en\/wp-json\/wp\/v2\/types\/product"}],"replies":[{"embeddable":true,"href":"https:\/\/uus.kokariided.ee\/en\/wp-json\/wp\/v2\/comments?post=14087"}],"wp:featuredmedia":[{"embeddable":true,"href":"https:\/\/uus.kokariided.ee\/en\/wp-json\/wp\/v2\/media\/14088"}],"wp:attachment":[{"href":"https:\/\/uus.kokariided.ee\/en\/wp-json\/wp\/v2\/media?parent=14087"}],"wp:term":[{"taxonomy":"product_cat","embeddable":true,"href":"https:\/\/uus.kokariided.ee\/en\/wp-json\/wp\/v2\/product_cat?post=14087"},{"taxonomy":"product_tag","embeddable":true,"href":"https:\/\/uus.kokariided.ee\/en\/wp-json\/wp\/v2\/product_tag?post=14087"}],"curies":[{"name":"wp","href":"https:\/\/api.w.org\/{rel}","templated":true}]}}