{"id":14113,"date":"2022-04-28T15:13:08","date_gmt":"2022-04-28T15:13:08","guid":{"rendered":"https:\/\/uus.kokariided.ee\/?product=vetthuelgav-poll-72x86-burgundy"},"modified":"2025-07-15T14:40:36","modified_gmt":"2025-07-15T14:40:36","slug":"vetthuelgav-poll-72x86-burgundy","status":"publish","type":"product","link":"https:\/\/uus.kokariided.ee\/en\/product\/vetthuelgav-poll-72x86-burgundy\/","title":{"rendered":"Vetth\u00fclgav p\u00f5ll 72&#215;86 Burgundy"},"content":{"rendered":"","protected":false},"excerpt":{"rendered":"<p>See p\u00f5ll sobib ideaalselt neile, kes vajavad vee eest kaitset, olgu see siis suurk\u00f6\u00f6gis v\u00f5i koduses k\u00f6\u00f6gis.\u00a0Vetth\u00fclgavast kangast valmistatud p\u00f5ll, et kandja saaks h\u00f5lpsalt maha p\u00fchkida k\u00f5ik mustuse. K\u00f5rgus reguleeritav kaelapaela plastikust pandlaga. Pesemisjuhised: 60 \u00b0C masinpesu.<br \/>\nM\u00f5\u00f5dud: 72x86cm, 110g\/m2<br \/>\nMaterjal: 100% pol\u00fcester<\/p>","protected":false},"featured_media":14114,"comment_status":"open","ping_status":"closed","template":"","meta":[],"product_cat":[112],"product_tag":[562,558,564,563,560,561,559],"class_list":{"0":"post-14113","1":"product","2":"type-product","3":"status-publish","4":"has-post-thumbnail","6":"product_cat-polled","7":"product_tag-koka-abi-veekindel-poll","8":"product_tag-noudepsesija-poll","9":"product_tag-pr115","10":"product_tag-veekindel","11":"product_tag-veekindel-klapiga-poll","12":"product_tag-veekindel-kokapoll","13":"product_tag-veekindel-poll","15":"first","16":"instock","17":"shipping-taxable","18":"purchasable","19":"product-type-simple"},"_links":{"self":[{"href":"https:\/\/uus.kokariided.ee\/en\/wp-json\/wp\/v2\/product\/14113","targetHints":{"allow":["GET"]}}],"collection":[{"href":"https:\/\/uus.kokariided.ee\/en\/wp-json\/wp\/v2\/product"}],"about":[{"href":"https:\/\/uus.kokariided.ee\/en\/wp-json\/wp\/v2\/types\/product"}],"replies":[{"embeddable":true,"href":"https:\/\/uus.kokariided.ee\/en\/wp-json\/wp\/v2\/comments?post=14113"}],"wp:featuredmedia":[{"embeddable":true,"href":"https:\/\/uus.kokariided.ee\/en\/wp-json\/wp\/v2\/media\/14114"}],"wp:attachment":[{"href":"https:\/\/uus.kokariided.ee\/en\/wp-json\/wp\/v2\/media?parent=14113"}],"wp:term":[{"taxonomy":"product_cat","embeddable":true,"href":"https:\/\/uus.kokariided.ee\/en\/wp-json\/wp\/v2\/product_cat?post=14113"},{"taxonomy":"product_tag","embeddable":true,"href":"https:\/\/uus.kokariided.ee\/en\/wp-json\/wp\/v2\/product_tag?post=14113"}],"curies":[{"name":"wp","href":"https:\/\/api.w.org\/{rel}","templated":true}]}}