{"id":14218,"date":"2022-05-20T12:27:26","date_gmt":"2022-05-20T12:27:26","guid":{"rendered":"https:\/\/uus.kokariided.ee\/?product=violetne-servjett"},"modified":"2025-05-29T13:11:36","modified_gmt":"2025-05-29T13:11:36","slug":"violetne-servjett","status":"publish","type":"product","link":"https:\/\/uus.kokariided.ee\/en\/product\/violetne-servjett\/","title":{"rendered":"Violetne servjett 42x42cm"},"content":{"rendered":"","protected":false},"excerpt":{"rendered":"<p>Violetne servjett \/ salvr\u00e4tik<br \/>\nM\u00f5\u00f5dud: 42*42 cm50% puuvill, 50% pol\u00fcester4\u00a0servast \u00f5mmeldud<\/p>","protected":false},"featured_media":14219,"comment_status":"open","ping_status":"closed","template":"","meta":[],"product_cat":[735,155],"product_tag":[570],"class_list":{"0":"post-14218","1":"product","2":"type-product","3":"status-publish","4":"has-post-thumbnail","6":"product_cat-salfad-servjetid-salvraetid","7":"product_cat-sisustustooted","8":"product_tag-lilla-salvrarik","10":"first","11":"instock","12":"shipping-taxable","13":"purchasable","14":"product-type-variable"},"_links":{"self":[{"href":"https:\/\/uus.kokariided.ee\/en\/wp-json\/wp\/v2\/product\/14218","targetHints":{"allow":["GET"]}}],"collection":[{"href":"https:\/\/uus.kokariided.ee\/en\/wp-json\/wp\/v2\/product"}],"about":[{"href":"https:\/\/uus.kokariided.ee\/en\/wp-json\/wp\/v2\/types\/product"}],"replies":[{"embeddable":true,"href":"https:\/\/uus.kokariided.ee\/en\/wp-json\/wp\/v2\/comments?post=14218"}],"wp:featuredmedia":[{"embeddable":true,"href":"https:\/\/uus.kokariided.ee\/en\/wp-json\/wp\/v2\/media\/14219"}],"wp:attachment":[{"href":"https:\/\/uus.kokariided.ee\/en\/wp-json\/wp\/v2\/media?parent=14218"}],"wp:term":[{"taxonomy":"product_cat","embeddable":true,"href":"https:\/\/uus.kokariided.ee\/en\/wp-json\/wp\/v2\/product_cat?post=14218"},{"taxonomy":"product_tag","embeddable":true,"href":"https:\/\/uus.kokariided.ee\/en\/wp-json\/wp\/v2\/product_tag?post=14218"}],"curies":[{"name":"wp","href":"https:\/\/api.w.org\/{rel}","templated":true}]}}