{"id":14222,"date":"2022-05-25T14:39:19","date_gmt":"2022-05-25T14:39:19","guid":{"rendered":"https:\/\/uus.kokariided.ee\/?product=klapiga-poll-75x100cm-4-taskut-1755946490"},"modified":"2024-05-29T12:34:52","modified_gmt":"2024-05-29T12:34:52","slug":"klapiga-poll-75x100cm-4-taskut-1755946490","status":"publish","type":"product","link":"https:\/\/uus.kokariided.ee\/en\/product\/klapiga-poll-75x100cm-4-taskut-1755946490\/","title":{"rendered":"Klapiga p\u00f5ll 80x75cm 4 taskut, Black Denim"},"content":{"rendered":"","protected":false},"excerpt":{"rendered":"<p>See trendikas 4 taskuga klapiga p\u00f5ll sobib ideaalselt teenindavale personalile kui ka kokale. P\u00f5llel olev l\u00f5hik teeb\u00a0 liikumise v\u00e4ga mugavaks. P\u00f5lle kaelapael on pandlaga reguleeritav. P\u00f5llel on kolme erineva stiiliga taskut, millest \u00fcks on lukuga. Materjal on vedelikke h\u00fclgava t\u00f6\u00f6tlusega.<br \/>\n&#8211; Reguleeritav kaela tagant<br \/>\n&#8211; L\u00f5hik<br \/>\n&#8211; Erinevad taskud<\/p>\n<p>85% pol\u00fcester, 15% puuvill<\/p>","protected":false},"featured_media":14223,"comment_status":"open","ping_status":"closed","template":"","meta":[],"product_cat":[104,146,112,145],"product_tag":[],"class_list":{"0":"post-14222","1":"product","2":"type-product","3":"status-publish","4":"has-post-thumbnail","6":"product_brand-chaud-devant","7":"product_cat-kokariided","8":"product_cat-polled1755886053","9":"product_cat-polled","10":"product_cat-teenindusriided","12":"first","13":"instock","14":"shipping-taxable","15":"purchasable","16":"product-type-simple"},"_links":{"self":[{"href":"https:\/\/uus.kokariided.ee\/en\/wp-json\/wp\/v2\/product\/14222","targetHints":{"allow":["GET"]}}],"collection":[{"href":"https:\/\/uus.kokariided.ee\/en\/wp-json\/wp\/v2\/product"}],"about":[{"href":"https:\/\/uus.kokariided.ee\/en\/wp-json\/wp\/v2\/types\/product"}],"replies":[{"embeddable":true,"href":"https:\/\/uus.kokariided.ee\/en\/wp-json\/wp\/v2\/comments?post=14222"}],"wp:featuredmedia":[{"embeddable":true,"href":"https:\/\/uus.kokariided.ee\/en\/wp-json\/wp\/v2\/media\/14223"}],"wp:attachment":[{"href":"https:\/\/uus.kokariided.ee\/en\/wp-json\/wp\/v2\/media?parent=14222"}],"wp:term":[{"taxonomy":"product_cat","embeddable":true,"href":"https:\/\/uus.kokariided.ee\/en\/wp-json\/wp\/v2\/product_cat?post=14222"},{"taxonomy":"product_tag","embeddable":true,"href":"https:\/\/uus.kokariided.ee\/en\/wp-json\/wp\/v2\/product_tag?post=14222"}],"curies":[{"name":"wp","href":"https:\/\/api.w.org\/{rel}","templated":true}]}}