{"id":14226,"date":"2022-05-26T15:24:35","date_gmt":"2022-05-26T15:24:35","guid":{"rendered":"https:\/\/uus.kokariided.ee\/?product=muets-cuffia-donna-rete-noka-ja-vorguga-valge"},"modified":"2025-07-18T13:54:23","modified_gmt":"2025-07-18T13:54:23","slug":"muets-cuffia-donna-rete-noka-ja-vorguga-valge","status":"publish","type":"product","link":"https:\/\/uus.kokariided.ee\/en\/product\/muets-cuffia-donna-rete-noka-ja-vorguga-valge\/","title":{"rendered":"M\u00fcts noka ja v\u00f5rguga, valge"},"content":{"rendered":"","protected":false},"excerpt":{"rendered":"<p>V\u00f5rgu ning nokaga m\u00fcts, mille all\u00e4\u00e4r on kummipaelaga.<br \/>\nPol\u00fcester 65%, puuvill 35%, 115 gr\/m\u00b2<\/p>","protected":false},"featured_media":14227,"comment_status":"open","ping_status":"closed","template":"","meta":[],"product_cat":[111,104],"product_tag":[],"class_list":{"0":"post-14226","1":"product","2":"type-product","3":"status-publish","4":"has-post-thumbnail","6":"product_brand-isacco","7":"product_cat-kokamuetsid-ja-peakatted","8":"product_cat-kokariided","10":"first","11":"instock","12":"shipping-taxable","13":"purchasable","14":"product-type-variable"},"_links":{"self":[{"href":"https:\/\/uus.kokariided.ee\/en\/wp-json\/wp\/v2\/product\/14226","targetHints":{"allow":["GET"]}}],"collection":[{"href":"https:\/\/uus.kokariided.ee\/en\/wp-json\/wp\/v2\/product"}],"about":[{"href":"https:\/\/uus.kokariided.ee\/en\/wp-json\/wp\/v2\/types\/product"}],"replies":[{"embeddable":true,"href":"https:\/\/uus.kokariided.ee\/en\/wp-json\/wp\/v2\/comments?post=14226"}],"wp:featuredmedia":[{"embeddable":true,"href":"https:\/\/uus.kokariided.ee\/en\/wp-json\/wp\/v2\/media\/14227"}],"wp:attachment":[{"href":"https:\/\/uus.kokariided.ee\/en\/wp-json\/wp\/v2\/media?parent=14226"}],"wp:term":[{"taxonomy":"product_cat","embeddable":true,"href":"https:\/\/uus.kokariided.ee\/en\/wp-json\/wp\/v2\/product_cat?post=14226"},{"taxonomy":"product_tag","embeddable":true,"href":"https:\/\/uus.kokariided.ee\/en\/wp-json\/wp\/v2\/product_tag?post=14226"}],"curies":[{"name":"wp","href":"https:\/\/api.w.org\/{rel}","templated":true}]}}