{"id":14229,"date":"2022-06-03T12:23:28","date_gmt":"2022-06-03T12:23:28","guid":{"rendered":"https:\/\/uus.kokariided.ee\/?product=klapiga-poll-canvas-77x95cm-sand"},"modified":"2023-11-07T23:05:43","modified_gmt":"2023-11-07T23:05:43","slug":"klapiga-poll-canvas-77x95cm-sand","status":"publish","type":"product","link":"https:\/\/uus.kokariided.ee\/en\/product\/klapiga-poll-canvas-77x95cm-sand\/","title":{"rendered":"Klapiga p\u00f5ll Canvas 77x95cm Sand"},"content":{"rendered":"","protected":false},"excerpt":{"rendered":"<p>Klapiga p\u00f5ll 77x95cm, kaelapael teksan\u00f6\u00f6biga reguleeritav. Unisex p\u00f5ll, mis sobib nii teenindajatele kui ka kokkadele. P\u00f5lle rinnaesisel on tasku ning paremal pool on kaks taskut.<br \/>\n65% puuvill,\u00a0 35% pol\u00fcester,\u00a0280 g\/m\u00b2<\/p>","protected":false},"featured_media":14230,"comment_status":"open","ping_status":"closed","template":"","meta":[],"product_cat":[104,112],"product_tag":[284,286,538,565],"class_list":{"0":"post-14229","1":"product","2":"type-product","3":"status-publish","4":"has-post-thumbnail","6":"product_brand-exner","7":"product_cat-kokariided","8":"product_cat-polled","9":"product_tag-klapiga-poll","10":"product_tag-koka-poll","11":"product_tag-poll","12":"product_tag-teenindaja-poll","14":"first","15":"instock","16":"shipping-taxable","17":"purchasable","18":"product-type-simple"},"_links":{"self":[{"href":"https:\/\/uus.kokariided.ee\/en\/wp-json\/wp\/v2\/product\/14229","targetHints":{"allow":["GET"]}}],"collection":[{"href":"https:\/\/uus.kokariided.ee\/en\/wp-json\/wp\/v2\/product"}],"about":[{"href":"https:\/\/uus.kokariided.ee\/en\/wp-json\/wp\/v2\/types\/product"}],"replies":[{"embeddable":true,"href":"https:\/\/uus.kokariided.ee\/en\/wp-json\/wp\/v2\/comments?post=14229"}],"wp:featuredmedia":[{"embeddable":true,"href":"https:\/\/uus.kokariided.ee\/en\/wp-json\/wp\/v2\/media\/14230"}],"wp:attachment":[{"href":"https:\/\/uus.kokariided.ee\/en\/wp-json\/wp\/v2\/media?parent=14229"}],"wp:term":[{"taxonomy":"product_cat","embeddable":true,"href":"https:\/\/uus.kokariided.ee\/en\/wp-json\/wp\/v2\/product_cat?post=14229"},{"taxonomy":"product_tag","embeddable":true,"href":"https:\/\/uus.kokariided.ee\/en\/wp-json\/wp\/v2\/product_tag?post=14229"}],"curies":[{"name":"wp","href":"https:\/\/api.w.org\/{rel}","templated":true}]}}