{"id":14237,"date":"2022-06-03T12:55:48","date_gmt":"2022-06-03T12:55:48","guid":{"rendered":"https:\/\/uus.kokariided.ee\/?product=klapiga-poll-canvas-77x95cm-rust-brown"},"modified":"2023-11-07T23:06:01","modified_gmt":"2023-11-07T23:06:01","slug":"klapiga-poll-canvas-77x95cm-rust-brown","status":"publish","type":"product","link":"https:\/\/uus.kokariided.ee\/en\/product\/klapiga-poll-canvas-77x95cm-rust-brown\/","title":{"rendered":"Klapiga p\u00f5ll Canvas 77x95cm Rust brown"},"content":{"rendered":"","protected":false},"excerpt":{"rendered":"<p>Klapiga p\u00f5ll 77x95cm, kaelapael teksan\u00f6\u00f6biga reguleeritav. Unisex p\u00f5ll, mis sobib nii teenindajatele kui ka kokkadele. P\u00f5lle rinnaesisel on tasku ning paremal pool on kaks taskut.<br \/>\n65% puuvill,\u00a0 35% pol\u00fcester,\u00a0280 g\/m\u00b2<\/p>","protected":false},"featured_media":14238,"comment_status":"open","ping_status":"closed","template":"","meta":[],"product_cat":[104,112],"product_tag":[572,571,284,285,538,565],"class_list":{"0":"post-14237","1":"product","2":"type-product","3":"status-publish","4":"has-post-thumbnail","6":"product_brand-exner","7":"product_cat-kokariided","8":"product_cat-polled","9":"product_tag-canvas","10":"product_tag-klapiga","11":"product_tag-klapiga-poll","12":"product_tag-kokapoll","13":"product_tag-poll","14":"product_tag-teenindaja-poll","16":"first","17":"instock","18":"shipping-taxable","19":"purchasable","20":"product-type-simple"},"_links":{"self":[{"href":"https:\/\/uus.kokariided.ee\/en\/wp-json\/wp\/v2\/product\/14237","targetHints":{"allow":["GET"]}}],"collection":[{"href":"https:\/\/uus.kokariided.ee\/en\/wp-json\/wp\/v2\/product"}],"about":[{"href":"https:\/\/uus.kokariided.ee\/en\/wp-json\/wp\/v2\/types\/product"}],"replies":[{"embeddable":true,"href":"https:\/\/uus.kokariided.ee\/en\/wp-json\/wp\/v2\/comments?post=14237"}],"wp:featuredmedia":[{"embeddable":true,"href":"https:\/\/uus.kokariided.ee\/en\/wp-json\/wp\/v2\/media\/14238"}],"wp:attachment":[{"href":"https:\/\/uus.kokariided.ee\/en\/wp-json\/wp\/v2\/media?parent=14237"}],"wp:term":[{"taxonomy":"product_cat","embeddable":true,"href":"https:\/\/uus.kokariided.ee\/en\/wp-json\/wp\/v2\/product_cat?post=14237"},{"taxonomy":"product_tag","embeddable":true,"href":"https:\/\/uus.kokariided.ee\/en\/wp-json\/wp\/v2\/product_tag?post=14237"}],"curies":[{"name":"wp","href":"https:\/\/api.w.org\/{rel}","templated":true}]}}