{"id":14314,"date":"2022-06-13T15:35:02","date_gmt":"2022-06-13T15:35:02","guid":{"rendered":"https:\/\/uus.kokariided.ee\/?product=naiste-kokajakk-dafne-must"},"modified":"2025-07-23T14:44:10","modified_gmt":"2025-07-23T14:44:10","slug":"naiste-kokajakk-dafne-must","status":"publish","type":"product","link":"https:\/\/uus.kokariided.ee\/en\/product\/naiste-kokajakk-dafne-must\/","title":{"rendered":"Naiste kokajakk Dafne, must"},"content":{"rendered":"<div class=\"ZyvIDe\">\n<div class=\"a8FIud X0rvP L6rCcb\">\n<div>\n<div>\n<div class=\"VfPpkd-Bz112c-RLmnJb\"><img decoding=\"async\" src=\"http:\/\/kokariided.ee\/img\/cms\/Screenshot%202022-07-07%20at%2014-21-21.png\" alt=\"\" width=\"107\" height=\"64\" \/><\/div>\n<\/div>\n<\/div>\n<\/div>\n<\/div>\n<div class=\"dePhmb\">\n<div class=\"eyKpYb\">\n<div class=\"J0lOec\">vetth\u00fclgav<\/div>\n<div class=\"J0lOec\">\u00f5li- ja niiskusth\u00fclgav<\/div>\n<div class=\"J0lOec\">hoiab v\u00e4rvid ning materjali kauem s\u00e4ravana<\/div>\n<div class=\"J0lOec\">materjal kuivab kiiremini<\/div>\n<div class=\"J0lOec\">kergesti hooldatav<\/div>\n<div class=\"J0lOec\">hingav<\/div>\n<div class=\"J0lOec\">pesemisele vastupidav<\/div>\n<\/div>\n<\/div>","protected":false},"excerpt":{"rendered":"<p>L\u00fchikeste varrukatega naiste kokajakk, mille paremal pool on rinnatasku. Kraed kaunistab iluriba, kinnitus peidetud trukkidega, va \u00fclemine ilutrukk. Kokajakil kaks l\u00f5hikut ning seljaosal v\u00f5rkriba, mis annab hingavust.\u00a0Slim Fit.<br \/>\n100% pol\u00fcester, 86g\/m<\/p>","protected":false},"featured_media":14315,"comment_status":"open","ping_status":"closed","template":"","meta":[],"product_cat":[],"product_tag":[],"class_list":{"0":"post-14314","1":"product","2":"type-product","3":"status-publish","4":"has-post-thumbnail","7":"first","8":"instock","9":"shipping-taxable","10":"purchasable","11":"product-type-variable"},"_links":{"self":[{"href":"https:\/\/uus.kokariided.ee\/en\/wp-json\/wp\/v2\/product\/14314","targetHints":{"allow":["GET"]}}],"collection":[{"href":"https:\/\/uus.kokariided.ee\/en\/wp-json\/wp\/v2\/product"}],"about":[{"href":"https:\/\/uus.kokariided.ee\/en\/wp-json\/wp\/v2\/types\/product"}],"replies":[{"embeddable":true,"href":"https:\/\/uus.kokariided.ee\/en\/wp-json\/wp\/v2\/comments?post=14314"}],"wp:featuredmedia":[{"embeddable":true,"href":"https:\/\/uus.kokariided.ee\/en\/wp-json\/wp\/v2\/media\/14315"}],"wp:attachment":[{"href":"https:\/\/uus.kokariided.ee\/en\/wp-json\/wp\/v2\/media?parent=14314"}],"wp:term":[{"taxonomy":"product_cat","embeddable":true,"href":"https:\/\/uus.kokariided.ee\/en\/wp-json\/wp\/v2\/product_cat?post=14314"},{"taxonomy":"product_tag","embeddable":true,"href":"https:\/\/uus.kokariided.ee\/en\/wp-json\/wp\/v2\/product_tag?post=14314"}],"curies":[{"name":"wp","href":"https:\/\/api.w.org\/{rel}","templated":true}]}}