{"id":14343,"date":"2022-06-16T10:18:43","date_gmt":"2022-06-16T10:18:43","guid":{"rendered":"https:\/\/uus.kokariided.ee\/?product=voeoepoll-leonida-70x46cm-must-uehe-taskuga"},"modified":"2025-06-11T17:02:17","modified_gmt":"2025-06-11T17:02:17","slug":"voeoepoll-leonida-70x46cm-must-uehe-taskuga","status":"publish","type":"product","link":"https:\/\/uus.kokariided.ee\/en\/product\/voeoepoll-leonida-70x46cm-must-uehe-taskuga\/","title":{"rendered":"V\u00f6\u00f6p\u00f5ll Leonida 70X46cm, must \u00fche taskuga"},"content":{"rendered":"","protected":false},"excerpt":{"rendered":"<p>V\u00f6\u00f6p\u00f5ll, mille\u00a0tasku \u00fcla\u00e4\u00e4r ja v\u00f6\u00f6koht \u00e4\u00e4ristatud 3cm naharibaga. Tasku \u00fcleval nurgas aas, kuhu saab t\u00f6\u00f6vahendeid riputada.<br \/>\n100% pol\u00fcester<\/p>","protected":false},"featured_media":14344,"comment_status":"open","ping_status":"closed","template":"","meta":[],"product_cat":[112,146],"product_tag":[574,575],"class_list":{"0":"post-14343","1":"product","2":"type-product","3":"status-publish","4":"has-post-thumbnail","6":"product_cat-polled","7":"product_cat-polled1755886053","8":"product_tag-leo","9":"product_tag-leonida","11":"first","12":"instock","13":"shipping-taxable","14":"purchasable","15":"product-type-simple"},"_links":{"self":[{"href":"https:\/\/uus.kokariided.ee\/en\/wp-json\/wp\/v2\/product\/14343","targetHints":{"allow":["GET"]}}],"collection":[{"href":"https:\/\/uus.kokariided.ee\/en\/wp-json\/wp\/v2\/product"}],"about":[{"href":"https:\/\/uus.kokariided.ee\/en\/wp-json\/wp\/v2\/types\/product"}],"replies":[{"embeddable":true,"href":"https:\/\/uus.kokariided.ee\/en\/wp-json\/wp\/v2\/comments?post=14343"}],"wp:featuredmedia":[{"embeddable":true,"href":"https:\/\/uus.kokariided.ee\/en\/wp-json\/wp\/v2\/media\/14344"}],"wp:attachment":[{"href":"https:\/\/uus.kokariided.ee\/en\/wp-json\/wp\/v2\/media?parent=14343"}],"wp:term":[{"taxonomy":"product_cat","embeddable":true,"href":"https:\/\/uus.kokariided.ee\/en\/wp-json\/wp\/v2\/product_cat?post=14343"},{"taxonomy":"product_tag","embeddable":true,"href":"https:\/\/uus.kokariided.ee\/en\/wp-json\/wp\/v2\/product_tag?post=14343"}],"curies":[{"name":"wp","href":"https:\/\/api.w.org\/{rel}","templated":true}]}}