{"id":14362,"date":"2022-06-17T12:18:19","date_gmt":"2022-06-17T12:18:19","guid":{"rendered":"https:\/\/uus.kokariided.ee\/?product=dian-siena-tex-negro"},"modified":"2025-03-05T16:10:47","modified_gmt":"2025-03-05T16:10:47","slug":"dian-siena-tex-negro","status":"publish","type":"product","link":"https:\/\/uus.kokariided.ee\/en\/product\/dian-siena-tex-negro\/","title":{"rendered":"Jalan\u00f5ud DIAN Siena Tex Negro"},"content":{"rendered":"","protected":false},"excerpt":{"rendered":"<p>Hingavast v\u00f5rkkangast D\u2019COVER DRY\u00ae jalan\u00f5ud, mille pealisosal on elastne pael. Polsterdatud vooder\u00a0D\u2019DRY\u00ae, pehmendusega kannaosa h\u00f5\u00f5rumise v\u00e4ltmiseks.\u00a0Tekstiilist polsterdatud sisetald termovormitud pol\u00fcuretaanvahul antibakteriaalse t\u00f6\u00f6tluse ja aktiivs\u00f6ega.\u00a0D\u2019LIGHT\u00ae komposiittald, \u00fclikerge, mugav, painduv ja libisemiskindel.<\/p>\n<p>Masinpestav kuni 40\u00ba.<\/p>","protected":false},"featured_media":14363,"comment_status":"open","ping_status":"closed","template":"","meta":[],"product_cat":[107,767,104,766],"product_tag":[576,577,579,578],"class_list":{"0":"post-14362","1":"product","2":"type-product","3":"status-publish","4":"has-post-thumbnail","6":"product_brand-dian","7":"product_cat-jalanoud","8":"product_cat-jalanoud1756114957","9":"product_cat-kokariided","10":"product_cat-teenindusriided1756114957","11":"product_tag-dian","12":"product_tag-siena","13":"product_tag-tex","14":"product_tag-tex-negro","16":"first","17":"instock","18":"shipping-taxable","19":"purchasable","20":"product-type-variable"},"_links":{"self":[{"href":"https:\/\/uus.kokariided.ee\/en\/wp-json\/wp\/v2\/product\/14362","targetHints":{"allow":["GET"]}}],"collection":[{"href":"https:\/\/uus.kokariided.ee\/en\/wp-json\/wp\/v2\/product"}],"about":[{"href":"https:\/\/uus.kokariided.ee\/en\/wp-json\/wp\/v2\/types\/product"}],"replies":[{"embeddable":true,"href":"https:\/\/uus.kokariided.ee\/en\/wp-json\/wp\/v2\/comments?post=14362"}],"wp:featuredmedia":[{"embeddable":true,"href":"https:\/\/uus.kokariided.ee\/en\/wp-json\/wp\/v2\/media\/14363"}],"wp:attachment":[{"href":"https:\/\/uus.kokariided.ee\/en\/wp-json\/wp\/v2\/media?parent=14362"}],"wp:term":[{"taxonomy":"product_cat","embeddable":true,"href":"https:\/\/uus.kokariided.ee\/en\/wp-json\/wp\/v2\/product_cat?post=14362"},{"taxonomy":"product_tag","embeddable":true,"href":"https:\/\/uus.kokariided.ee\/en\/wp-json\/wp\/v2\/product_tag?post=14362"}],"curies":[{"name":"wp","href":"https:\/\/api.w.org\/{rel}","templated":true}]}}