{"id":14384,"date":"2022-06-29T11:27:19","date_gmt":"2022-06-29T11:27:19","guid":{"rendered":"https:\/\/uus.kokariided.ee\/?product=koeoegiraetik-50x70-cm-valge"},"modified":"2025-08-07T16:14:51","modified_gmt":"2025-08-07T16:14:51","slug":"koeoegiraetik-50x70-cm-valge","status":"publish","type":"product","link":"https:\/\/uus.kokariided.ee\/en\/product\/koeoegiraetik-50x70-cm-valge\/","title":{"rendered":"K\u00f6\u00f6gir\u00e4tik 50x70cm valge"},"content":{"rendered":"","protected":false},"excerpt":{"rendered":"<p>Valge puuvillane k\u00f6\u00f6gir\u00e4tik, millel on 2cm laiused kalasabamustrid.<br \/>\nMaterjal: 100% puuvilla.\u00a0<br \/>\nSuurus 50\u00d770cm<br \/>\n Masinpesu 60 kraadiga<\/p>","protected":false},"featured_media":14385,"comment_status":"open","ping_status":"closed","template":"","meta":[],"product_cat":[108,104,777],"product_tag":[275,580,278,276],"class_list":{"0":"post-14384","1":"product","2":"type-product","3":"status-publish","4":"has-post-thumbnail","6":"product_cat-kingiideed","7":"product_cat-kokariided","8":"product_cat-koeoegiraetikud","9":"product_tag-koogi","10":"product_tag-koogiratik","11":"product_tag-noude","12":"product_tag-ratik","14":"first","15":"instock","16":"shipping-taxable","17":"purchasable","18":"product-type-simple"},"_links":{"self":[{"href":"https:\/\/uus.kokariided.ee\/en\/wp-json\/wp\/v2\/product\/14384","targetHints":{"allow":["GET"]}}],"collection":[{"href":"https:\/\/uus.kokariided.ee\/en\/wp-json\/wp\/v2\/product"}],"about":[{"href":"https:\/\/uus.kokariided.ee\/en\/wp-json\/wp\/v2\/types\/product"}],"replies":[{"embeddable":true,"href":"https:\/\/uus.kokariided.ee\/en\/wp-json\/wp\/v2\/comments?post=14384"}],"wp:featuredmedia":[{"embeddable":true,"href":"https:\/\/uus.kokariided.ee\/en\/wp-json\/wp\/v2\/media\/14385"}],"wp:attachment":[{"href":"https:\/\/uus.kokariided.ee\/en\/wp-json\/wp\/v2\/media?parent=14384"}],"wp:term":[{"taxonomy":"product_cat","embeddable":true,"href":"https:\/\/uus.kokariided.ee\/en\/wp-json\/wp\/v2\/product_cat?post=14384"},{"taxonomy":"product_tag","embeddable":true,"href":"https:\/\/uus.kokariided.ee\/en\/wp-json\/wp\/v2\/product_tag?post=14384"}],"curies":[{"name":"wp","href":"https:\/\/api.w.org\/{rel}","templated":true}]}}