{"id":14386,"date":"2022-06-29T11:27:38","date_gmt":"2022-06-29T11:27:38","guid":{"rendered":"https:\/\/uus.kokariided.ee\/?product=koeoegiraetik-50x100cm-valge-aeaeres-vaerviline-triip"},"modified":"2025-02-13T12:25:33","modified_gmt":"2025-02-13T12:25:33","slug":"koeoegiraetik-50x100cm-valge-aeaeres-vaerviline-triip","status":"publish","type":"product","link":"https:\/\/uus.kokariided.ee\/en\/product\/koeoegiraetik-50x100cm-valge-aeaeres-vaerviline-triip\/","title":{"rendered":"K\u00f6\u00f6gir\u00e4tik 50x100cm valge, triibuga"},"content":{"rendered":"","protected":false},"excerpt":{"rendered":"<p>Valge puuvillane k\u00f6\u00f6gir\u00e4tik, millel on 2cm laiused kalasabamustrid ning halli-kollase triibumuster pikiserval.<br \/>\n Materjal: 100% puuvillaSuurus 50\u00d7100cm<br \/>\nMasinpesu 60 kraadiga<\/p>","protected":false},"featured_media":14387,"comment_status":"open","ping_status":"closed","template":"","meta":[],"product_cat":[108,104,777],"product_tag":[275,580,278,276],"class_list":{"0":"post-14386","1":"product","2":"type-product","3":"status-publish","4":"has-post-thumbnail","6":"product_cat-kingiideed","7":"product_cat-kokariided","8":"product_cat-koeoegiraetikud","9":"product_tag-koogi","10":"product_tag-koogiratik","11":"product_tag-noude","12":"product_tag-ratik","14":"first","15":"instock","16":"shipping-taxable","17":"purchasable","18":"product-type-simple"},"_links":{"self":[{"href":"https:\/\/uus.kokariided.ee\/en\/wp-json\/wp\/v2\/product\/14386","targetHints":{"allow":["GET"]}}],"collection":[{"href":"https:\/\/uus.kokariided.ee\/en\/wp-json\/wp\/v2\/product"}],"about":[{"href":"https:\/\/uus.kokariided.ee\/en\/wp-json\/wp\/v2\/types\/product"}],"replies":[{"embeddable":true,"href":"https:\/\/uus.kokariided.ee\/en\/wp-json\/wp\/v2\/comments?post=14386"}],"wp:featuredmedia":[{"embeddable":true,"href":"https:\/\/uus.kokariided.ee\/en\/wp-json\/wp\/v2\/media\/14387"}],"wp:attachment":[{"href":"https:\/\/uus.kokariided.ee\/en\/wp-json\/wp\/v2\/media?parent=14386"}],"wp:term":[{"taxonomy":"product_cat","embeddable":true,"href":"https:\/\/uus.kokariided.ee\/en\/wp-json\/wp\/v2\/product_cat?post=14386"},{"taxonomy":"product_tag","embeddable":true,"href":"https:\/\/uus.kokariided.ee\/en\/wp-json\/wp\/v2\/product_tag?post=14386"}],"curies":[{"name":"wp","href":"https:\/\/api.w.org\/{rel}","templated":true}]}}