{"id":14401,"date":"2022-07-06T14:50:32","date_gmt":"2022-07-06T14:50:32","guid":{"rendered":"https:\/\/uus.kokariided.ee\/?product=laste-kokapoll-lemon-green-40x60cm"},"modified":"2024-02-01T11:13:03","modified_gmt":"2024-02-01T11:13:03","slug":"laste-kokapoll-lemon-green-40x60cm","status":"publish","type":"product","link":"https:\/\/uus.kokariided.ee\/en\/product\/laste-kokapoll-lemon-green-40x60cm\/","title":{"rendered":"Laste kokap\u00f5ll Lemon Green 40x60cm"},"content":{"rendered":"","protected":false},"excerpt":{"rendered":"<p>P\u00f5ll 40x60cm, kaelapael trukkidega reguleeritav, \u00fche\u00a0parempoolse taskuga65% pol\u00fcester, 35%puuvill, 220 g\/m2<br \/>\nHooldusjuhised: Peske temperatuuril 60\u00b0C.<\/p>","protected":false},"featured_media":14402,"comment_status":"open","ping_status":"closed","template":"","meta":[],"product_cat":[158],"product_tag":[285,583,584,585],"class_list":{"0":"post-14401","1":"product","2":"type-product","3":"status-publish","4":"has-post-thumbnail","6":"product_brand-exner","7":"product_cat-laste-kokariided","8":"product_tag-kokapoll","9":"product_tag-laste","10":"product_tag-laste-kokapoll","11":"product_tag-laste-poll","13":"first","14":"instock","15":"shipping-taxable","16":"purchasable","17":"product-type-variable"},"_links":{"self":[{"href":"https:\/\/uus.kokariided.ee\/en\/wp-json\/wp\/v2\/product\/14401","targetHints":{"allow":["GET"]}}],"collection":[{"href":"https:\/\/uus.kokariided.ee\/en\/wp-json\/wp\/v2\/product"}],"about":[{"href":"https:\/\/uus.kokariided.ee\/en\/wp-json\/wp\/v2\/types\/product"}],"replies":[{"embeddable":true,"href":"https:\/\/uus.kokariided.ee\/en\/wp-json\/wp\/v2\/comments?post=14401"}],"wp:featuredmedia":[{"embeddable":true,"href":"https:\/\/uus.kokariided.ee\/en\/wp-json\/wp\/v2\/media\/14402"}],"wp:attachment":[{"href":"https:\/\/uus.kokariided.ee\/en\/wp-json\/wp\/v2\/media?parent=14401"}],"wp:term":[{"taxonomy":"product_cat","embeddable":true,"href":"https:\/\/uus.kokariided.ee\/en\/wp-json\/wp\/v2\/product_cat?post=14401"},{"taxonomy":"product_tag","embeddable":true,"href":"https:\/\/uus.kokariided.ee\/en\/wp-json\/wp\/v2\/product_tag?post=14401"}],"curies":[{"name":"wp","href":"https:\/\/api.w.org\/{rel}","templated":true}]}}