{"id":14404,"date":"2022-07-08T17:47:19","date_gmt":"2022-07-08T17:47:19","guid":{"rendered":"https:\/\/uus.kokariided.ee\/?product=meeste-pueksid-five-pocket-1755946631"},"modified":"2024-03-28T12:28:32","modified_gmt":"2024-03-28T12:28:32","slug":"meeste-pueksid-five-pocket-1755946631","status":"publish","type":"product","link":"https:\/\/uus.kokariided.ee\/en\/product\/meeste-pueksid-five-pocket-1755946631\/","title":{"rendered":"Meeste p\u00fcksid &#8220;FIVE-POCKET&#8221;, navy"},"content":{"rendered":"","protected":false},"excerpt":{"rendered":"<p>Meeste sirgel\u00f5ikelised ning 5-taskuga p\u00fcksid. Puuvill on Fairtrade&#8217;i sertifikaadiga, veniv materjal tagab optimaalse liikuvuse. T\u00e4nu hingavale kiule tagavad need p\u00fcksid optimaalse niiskusjuhtimise.<\/p>\n<p>35%\u00a0puuvill, 35% pol\u00fcester, 30% elastomultiester<\/p>","protected":false},"featured_media":14405,"comment_status":"open","ping_status":"closed","template":"","meta":[],"product_cat":[104,787,113,794,145],"product_tag":[586,587],"class_list":{"0":"post-14404","1":"product","2":"type-product","3":"status-publish","4":"has-post-thumbnail","6":"product_brand-greiff","7":"product_cat-kokariided","8":"product_cat-meeste-kokapueksid","9":"product_cat-pueksid","10":"product_cat-pueksid1756115223","11":"product_cat-teenindusriided","12":"product_tag-five","13":"product_tag-pocket","15":"first","16":"instock","17":"shipping-taxable","18":"purchasable","19":"product-type-variable"},"_links":{"self":[{"href":"https:\/\/uus.kokariided.ee\/en\/wp-json\/wp\/v2\/product\/14404","targetHints":{"allow":["GET"]}}],"collection":[{"href":"https:\/\/uus.kokariided.ee\/en\/wp-json\/wp\/v2\/product"}],"about":[{"href":"https:\/\/uus.kokariided.ee\/en\/wp-json\/wp\/v2\/types\/product"}],"replies":[{"embeddable":true,"href":"https:\/\/uus.kokariided.ee\/en\/wp-json\/wp\/v2\/comments?post=14404"}],"wp:featuredmedia":[{"embeddable":true,"href":"https:\/\/uus.kokariided.ee\/en\/wp-json\/wp\/v2\/media\/14405"}],"wp:attachment":[{"href":"https:\/\/uus.kokariided.ee\/en\/wp-json\/wp\/v2\/media?parent=14404"}],"wp:term":[{"taxonomy":"product_cat","embeddable":true,"href":"https:\/\/uus.kokariided.ee\/en\/wp-json\/wp\/v2\/product_cat?post=14404"},{"taxonomy":"product_tag","embeddable":true,"href":"https:\/\/uus.kokariided.ee\/en\/wp-json\/wp\/v2\/product_tag?post=14404"}],"curies":[{"name":"wp","href":"https:\/\/api.w.org\/{rel}","templated":true}]}}