{"id":14422,"date":"2022-07-12T16:45:38","date_gmt":"2022-07-12T16:45:38","guid":{"rendered":"https:\/\/uus.kokariided.ee\/?product=jalanoud-viena-negro-black"},"modified":"2025-08-26T11:02:05","modified_gmt":"2025-08-26T11:02:05","slug":"jalanoud-viena-negro-black","status":"publish","type":"product","link":"https:\/\/uus.kokariided.ee\/en\/product\/jalanoud-viena-negro-black\/","title":{"rendered":"Jalan\u00f5ud DIAN Viena Negro, unisex"},"content":{"rendered":"","protected":false},"excerpt":{"rendered":"<p>Unisex jalan\u00f5u, mille k\u00fclgedel on elastne pael jalan\u00f5u mugavamaks jalga panemiseks. Tehniline mikrofiibriga vooderdatud siseosa ja polsterdatud\u00a0kannatagune, et v\u00e4ltida h\u00f5\u00f5rdumist. \u00dcmara ninaga. Polsterdatud sisetald, termovormitud tehnilise mikrokiust pol\u00fcuretaanvahuga antibakteriaalse t\u00f6\u00f6tluse ja aktiivs\u00f6ega. Soontega EVA tald, mis takistab libisemist.<\/p>","protected":false},"featured_media":14423,"comment_status":"open","ping_status":"closed","template":"","meta":[],"product_cat":[107,791],"product_tag":[],"class_list":{"0":"post-14422","1":"product","2":"type-product","3":"status-publish","4":"has-post-thumbnail","6":"product_cat-jalanoud","7":"product_cat-jalanoud1756115218","9":"first","10":"instock","11":"shipping-taxable","12":"purchasable","13":"product-type-variable"},"_links":{"self":[{"href":"https:\/\/uus.kokariided.ee\/en\/wp-json\/wp\/v2\/product\/14422","targetHints":{"allow":["GET"]}}],"collection":[{"href":"https:\/\/uus.kokariided.ee\/en\/wp-json\/wp\/v2\/product"}],"about":[{"href":"https:\/\/uus.kokariided.ee\/en\/wp-json\/wp\/v2\/types\/product"}],"replies":[{"embeddable":true,"href":"https:\/\/uus.kokariided.ee\/en\/wp-json\/wp\/v2\/comments?post=14422"}],"wp:featuredmedia":[{"embeddable":true,"href":"https:\/\/uus.kokariided.ee\/en\/wp-json\/wp\/v2\/media\/14423"}],"wp:attachment":[{"href":"https:\/\/uus.kokariided.ee\/en\/wp-json\/wp\/v2\/media?parent=14422"}],"wp:term":[{"taxonomy":"product_cat","embeddable":true,"href":"https:\/\/uus.kokariided.ee\/en\/wp-json\/wp\/v2\/product_cat?post=14422"},{"taxonomy":"product_tag","embeddable":true,"href":"https:\/\/uus.kokariided.ee\/en\/wp-json\/wp\/v2\/product_tag?post=14422"}],"curies":[{"name":"wp","href":"https:\/\/api.w.org\/{rel}","templated":true}]}}