{"id":14428,"date":"2022-07-12T16:59:49","date_gmt":"2022-07-12T16:59:49","guid":{"rendered":"https:\/\/uus.kokariided.ee\/?product=jalanoud-siena-negro-todo-picado"},"modified":"2025-03-05T16:03:04","modified_gmt":"2025-03-05T16:03:04","slug":"jalanoud-siena-negro-todo-picado","status":"publish","type":"product","link":"https:\/\/uus.kokariided.ee\/en\/product\/jalanoud-siena-negro-todo-picado\/","title":{"rendered":"Jalan\u00f5ud DIAN Siena Negro Todo Picado"},"content":{"rendered":"","protected":false},"excerpt":{"rendered":"<p>Jalan\u00f5ud pealt elastse kinnitusega.\u00a0Tehniline mikrokiud D\u2019COVER PLUS\u00ae, polsterdatud tekstiilvooder D\u2019DRY\u00ae, pahkluu polsterdus.\u00a0Sisetald termovormitud pol\u00fcuretaanvahul antibakteriaalse t\u00f6\u00f6tluse ja aktiivs\u00f6ega.\u00a0D\u2019LIGHT\u00ae komposiittald, antibakteriaalne, \u00fclikerge, painduv ja libisemiskindel, lameda kujundusega, teravate servade ja laiade soontega vedelikust vabanemiseks.\u00a0Masinpestav kuni 40\u00ba.<\/p>","protected":false},"featured_media":14429,"comment_status":"open","ping_status":"closed","template":"","meta":[],"product_cat":[791],"product_tag":[576,577],"class_list":{"0":"post-14428","1":"product","2":"type-product","3":"status-publish","4":"has-post-thumbnail","6":"product_cat-jalanoud1756115218","7":"product_tag-dian","8":"product_tag-siena","10":"first","11":"instock","12":"shipping-taxable","13":"purchasable","14":"product-type-variable"},"_links":{"self":[{"href":"https:\/\/uus.kokariided.ee\/en\/wp-json\/wp\/v2\/product\/14428","targetHints":{"allow":["GET"]}}],"collection":[{"href":"https:\/\/uus.kokariided.ee\/en\/wp-json\/wp\/v2\/product"}],"about":[{"href":"https:\/\/uus.kokariided.ee\/en\/wp-json\/wp\/v2\/types\/product"}],"replies":[{"embeddable":true,"href":"https:\/\/uus.kokariided.ee\/en\/wp-json\/wp\/v2\/comments?post=14428"}],"wp:featuredmedia":[{"embeddable":true,"href":"https:\/\/uus.kokariided.ee\/en\/wp-json\/wp\/v2\/media\/14429"}],"wp:attachment":[{"href":"https:\/\/uus.kokariided.ee\/en\/wp-json\/wp\/v2\/media?parent=14428"}],"wp:term":[{"taxonomy":"product_cat","embeddable":true,"href":"https:\/\/uus.kokariided.ee\/en\/wp-json\/wp\/v2\/product_cat?post=14428"},{"taxonomy":"product_tag","embeddable":true,"href":"https:\/\/uus.kokariided.ee\/en\/wp-json\/wp\/v2\/product_tag?post=14428"}],"curies":[{"name":"wp","href":"https:\/\/api.w.org\/{rel}","templated":true}]}}