{"id":14438,"date":"2022-07-14T11:26:17","date_gmt":"2022-07-14T11:26:17","guid":{"rendered":"https:\/\/uus.kokariided.ee\/?product=kokamuets-pilotka-valge"},"modified":"2025-05-27T14:27:19","modified_gmt":"2025-05-27T14:27:19","slug":"kokamuets-pilotka-valge","status":"publish","type":"product","link":"https:\/\/uus.kokariided.ee\/en\/product\/kokamuets-pilotka-valge\/","title":{"rendered":"Kokam\u00fcts Pilotka valge (S, M, L)"},"content":{"rendered":"","protected":false},"excerpt":{"rendered":"<p>100% puuvill, valge.<br \/>\nTellimisel vali suurus (S, M v\u00f5i L), m\u00f5\u00f5dud S=57, M=59, L=61.<\/p>","protected":false},"featured_media":14439,"comment_status":"open","ping_status":"closed","template":"","meta":[],"product_cat":[111,104],"product_tag":[531,588],"class_list":{"0":"post-14438","1":"product","2":"type-product","3":"status-publish","4":"has-post-thumbnail","6":"product_brand-egochef","7":"product_cat-kokamuetsid-ja-peakatted","8":"product_cat-kokariided","9":"product_tag-kokamuts","10":"product_tag-pilotka","12":"first","13":"instock","14":"shipping-taxable","15":"purchasable","16":"product-type-variable"},"_links":{"self":[{"href":"https:\/\/uus.kokariided.ee\/en\/wp-json\/wp\/v2\/product\/14438","targetHints":{"allow":["GET"]}}],"collection":[{"href":"https:\/\/uus.kokariided.ee\/en\/wp-json\/wp\/v2\/product"}],"about":[{"href":"https:\/\/uus.kokariided.ee\/en\/wp-json\/wp\/v2\/types\/product"}],"replies":[{"embeddable":true,"href":"https:\/\/uus.kokariided.ee\/en\/wp-json\/wp\/v2\/comments?post=14438"}],"wp:featuredmedia":[{"embeddable":true,"href":"https:\/\/uus.kokariided.ee\/en\/wp-json\/wp\/v2\/media\/14439"}],"wp:attachment":[{"href":"https:\/\/uus.kokariided.ee\/en\/wp-json\/wp\/v2\/media?parent=14438"}],"wp:term":[{"taxonomy":"product_cat","embeddable":true,"href":"https:\/\/uus.kokariided.ee\/en\/wp-json\/wp\/v2\/product_cat?post=14438"},{"taxonomy":"product_tag","embeddable":true,"href":"https:\/\/uus.kokariided.ee\/en\/wp-json\/wp\/v2\/product_tag?post=14438"}],"curies":[{"name":"wp","href":"https:\/\/api.w.org\/{rel}","templated":true}]}}