{"id":14447,"date":"2022-07-14T16:44:53","date_gmt":"2022-07-14T16:44:53","guid":{"rendered":"https:\/\/uus.kokariided.ee\/?product=pearaeti-kollane"},"modified":"2024-05-29T12:34:52","modified_gmt":"2024-05-29T12:34:52","slug":"pearaeti-kollane","status":"publish","type":"product","link":"https:\/\/uus.kokariided.ee\/en\/product\/pearaeti-kollane\/","title":{"rendered":"Pear\u00e4ti, kollane"},"content":{"rendered":"","protected":false},"excerpt":{"rendered":"<p>Saab kasutada ka kaelar\u00e4tikuna. M\u00f5\u00f5dud 38x105cm.<br \/>\n65% pol\u00fcester 35% puuvill<\/p>","protected":false},"featured_media":14448,"comment_status":"open","ping_status":"closed","template":"","meta":[],"product_cat":[111,104],"product_tag":[517,519,516,518,276],"class_list":{"0":"post-14447","1":"product","2":"type-product","3":"status-publish","4":"has-post-thumbnail","6":"product_brand-egochef","7":"product_cat-kokamuetsid-ja-peakatted","8":"product_cat-kokariided","9":"product_tag-kaelaratik","10":"product_tag-kaelaratt","11":"product_tag-pearatik","12":"product_tag-pearatt","13":"product_tag-ratik","15":"first","16":"instock","17":"shipping-taxable","18":"purchasable","19":"product-type-simple"},"_links":{"self":[{"href":"https:\/\/uus.kokariided.ee\/en\/wp-json\/wp\/v2\/product\/14447","targetHints":{"allow":["GET"]}}],"collection":[{"href":"https:\/\/uus.kokariided.ee\/en\/wp-json\/wp\/v2\/product"}],"about":[{"href":"https:\/\/uus.kokariided.ee\/en\/wp-json\/wp\/v2\/types\/product"}],"replies":[{"embeddable":true,"href":"https:\/\/uus.kokariided.ee\/en\/wp-json\/wp\/v2\/comments?post=14447"}],"wp:featuredmedia":[{"embeddable":true,"href":"https:\/\/uus.kokariided.ee\/en\/wp-json\/wp\/v2\/media\/14448"}],"wp:attachment":[{"href":"https:\/\/uus.kokariided.ee\/en\/wp-json\/wp\/v2\/media?parent=14447"}],"wp:term":[{"taxonomy":"product_cat","embeddable":true,"href":"https:\/\/uus.kokariided.ee\/en\/wp-json\/wp\/v2\/product_cat?post=14447"},{"taxonomy":"product_tag","embeddable":true,"href":"https:\/\/uus.kokariided.ee\/en\/wp-json\/wp\/v2\/product_tag?post=14447"}],"curies":[{"name":"wp","href":"https:\/\/api.w.org\/{rel}","templated":true}]}}