{"id":14466,"date":"2022-07-15T12:10:49","date_gmt":"2022-07-15T12:10:49","guid":{"rendered":"https:\/\/uus.kokariided.ee\/?product=sonimuets-denim-look"},"modified":"2024-05-29T12:34:52","modified_gmt":"2024-05-29T12:34:52","slug":"sonimuets-denim-look","status":"publish","type":"product","link":"https:\/\/uus.kokariided.ee\/en\/product\/sonimuets-denim-look\/","title":{"rendered":"Sonim\u00fcts Denim Look"},"content":{"rendered":"","protected":false},"excerpt":{"rendered":"<p>Unisex sonim\u00fcts antratsiit v\u00e4rvitoonis, mida saab tagant takjapaelaga reguleerida.<br \/>\n52% puuvill, 45% pol\u00fcester, 3% elastolefin<\/p>","protected":false},"featured_media":14467,"comment_status":"open","ping_status":"closed","template":"","meta":[],"product_cat":[111],"product_tag":[532,591,592],"class_list":{"0":"post-14466","1":"product","2":"type-product","3":"status-publish","4":"has-post-thumbnail","6":"product_brand-greiff","7":"product_cat-kokamuetsid-ja-peakatted","8":"product_tag-muts","9":"product_tag-soni","10":"product_tag-sonimuts","12":"first","13":"instock","14":"shipping-taxable","15":"purchasable","16":"product-type-simple"},"_links":{"self":[{"href":"https:\/\/uus.kokariided.ee\/en\/wp-json\/wp\/v2\/product\/14466","targetHints":{"allow":["GET"]}}],"collection":[{"href":"https:\/\/uus.kokariided.ee\/en\/wp-json\/wp\/v2\/product"}],"about":[{"href":"https:\/\/uus.kokariided.ee\/en\/wp-json\/wp\/v2\/types\/product"}],"replies":[{"embeddable":true,"href":"https:\/\/uus.kokariided.ee\/en\/wp-json\/wp\/v2\/comments?post=14466"}],"wp:featuredmedia":[{"embeddable":true,"href":"https:\/\/uus.kokariided.ee\/en\/wp-json\/wp\/v2\/media\/14467"}],"wp:attachment":[{"href":"https:\/\/uus.kokariided.ee\/en\/wp-json\/wp\/v2\/media?parent=14466"}],"wp:term":[{"taxonomy":"product_cat","embeddable":true,"href":"https:\/\/uus.kokariided.ee\/en\/wp-json\/wp\/v2\/product_cat?post=14466"},{"taxonomy":"product_tag","embeddable":true,"href":"https:\/\/uus.kokariided.ee\/en\/wp-json\/wp\/v2\/product_tag?post=14466"}],"curies":[{"name":"wp","href":"https:\/\/api.w.org\/{rel}","templated":true}]}}