{"id":14484,"date":"2022-07-18T14:22:47","date_gmt":"2022-07-18T14:22:47","guid":{"rendered":"https:\/\/uus.kokariided.ee\/?product=kokajakk-lady-snaps-mm-mustvalge"},"modified":"2025-07-01T15:57:05","modified_gmt":"2025-07-01T15:57:05","slug":"kokajakk-lady-snaps-mm-mustvalge","status":"publish","type":"product","link":"https:\/\/uus.kokariided.ee\/en\/product\/kokajakk-lady-snaps-mm-mustvalge\/","title":{"rendered":"Kokajakk Lady Snaps M\/M, must\/valge"},"content":{"rendered":"","protected":false},"excerpt":{"rendered":"<p>L\u00fchikeste varrukatega naiste kokajakk, krael valge \u00e4\u00e4ris. Vasakul varrukal tasku, kinnitus trukkidega.<br \/>\n35% puuvill, 65% pol\u00fcester,\u00a0195 g\/m\u00b2<br \/>\nSuurused S-XXL<\/p>","protected":false},"featured_media":14485,"comment_status":"open","ping_status":"closed","template":"","meta":[],"product_cat":[110,104,790],"product_tag":[599,600,442,601],"class_list":{"0":"post-14484","1":"product","2":"type-product","3":"status-publish","4":"has-post-thumbnail","6":"product_brand-isacco","7":"product_cat-kokajakid","8":"product_cat-kokariided","9":"product_cat-naiste-kokajakid","10":"product_tag-lady","11":"product_tag-lady-snaps","12":"product_tag-naiste-kokajakk","13":"product_tag-snaps","15":"first","16":"instock","17":"shipping-taxable","18":"purchasable","19":"product-type-variable"},"_links":{"self":[{"href":"https:\/\/uus.kokariided.ee\/en\/wp-json\/wp\/v2\/product\/14484","targetHints":{"allow":["GET"]}}],"collection":[{"href":"https:\/\/uus.kokariided.ee\/en\/wp-json\/wp\/v2\/product"}],"about":[{"href":"https:\/\/uus.kokariided.ee\/en\/wp-json\/wp\/v2\/types\/product"}],"replies":[{"embeddable":true,"href":"https:\/\/uus.kokariided.ee\/en\/wp-json\/wp\/v2\/comments?post=14484"}],"wp:featuredmedia":[{"embeddable":true,"href":"https:\/\/uus.kokariided.ee\/en\/wp-json\/wp\/v2\/media\/14485"}],"wp:attachment":[{"href":"https:\/\/uus.kokariided.ee\/en\/wp-json\/wp\/v2\/media?parent=14484"}],"wp:term":[{"taxonomy":"product_cat","embeddable":true,"href":"https:\/\/uus.kokariided.ee\/en\/wp-json\/wp\/v2\/product_cat?post=14484"},{"taxonomy":"product_tag","embeddable":true,"href":"https:\/\/uus.kokariided.ee\/en\/wp-json\/wp\/v2\/product_tag?post=14484"}],"curies":[{"name":"wp","href":"https:\/\/api.w.org\/{rel}","templated":true}]}}