{"id":14521,"date":"2022-07-22T12:00:00","date_gmt":"2022-07-22T12:00:00","guid":{"rendered":"https:\/\/uus.kokariided.ee\/?product=meeste-t-saerk-imperial-punane"},"modified":"2025-06-20T12:34:10","modified_gmt":"2025-06-20T12:34:10","slug":"meeste-t-saerk-imperial-punane","status":"publish","type":"product","link":"https:\/\/uus.kokariided.ee\/en\/product\/meeste-t-saerk-imperial-punane\/","title":{"rendered":"Meeste T-s\u00e4rk IMPERIAL, must"},"content":{"rendered":"","protected":false},"excerpt":{"rendered":"<p>Meeste l\u00fchikeste varrukatega T- s\u00e4rk, mis on O-kaelusega.<br \/>\n100% puuvill, 190 gr\/m2<\/p>","protected":false},"featured_media":14522,"comment_status":"open","ping_status":"closed","template":"","meta":[],"product_cat":[754,145],"product_tag":[],"class_list":{"0":"post-14521","1":"product","2":"type-product","3":"status-publish","4":"has-post-thumbnail","6":"product_cat-meeste-saergid","7":"product_cat-teenindusriided","9":"first","10":"instock","11":"shipping-taxable","12":"purchasable","13":"product-type-variable"},"_links":{"self":[{"href":"https:\/\/uus.kokariided.ee\/en\/wp-json\/wp\/v2\/product\/14521","targetHints":{"allow":["GET"]}}],"collection":[{"href":"https:\/\/uus.kokariided.ee\/en\/wp-json\/wp\/v2\/product"}],"about":[{"href":"https:\/\/uus.kokariided.ee\/en\/wp-json\/wp\/v2\/types\/product"}],"replies":[{"embeddable":true,"href":"https:\/\/uus.kokariided.ee\/en\/wp-json\/wp\/v2\/comments?post=14521"}],"wp:featuredmedia":[{"embeddable":true,"href":"https:\/\/uus.kokariided.ee\/en\/wp-json\/wp\/v2\/media\/14522"}],"wp:attachment":[{"href":"https:\/\/uus.kokariided.ee\/en\/wp-json\/wp\/v2\/media?parent=14521"}],"wp:term":[{"taxonomy":"product_cat","embeddable":true,"href":"https:\/\/uus.kokariided.ee\/en\/wp-json\/wp\/v2\/product_cat?post=14521"},{"taxonomy":"product_tag","embeddable":true,"href":"https:\/\/uus.kokariided.ee\/en\/wp-json\/wp\/v2\/product_tag?post=14521"}],"curies":[{"name":"wp","href":"https:\/\/api.w.org\/{rel}","templated":true}]}}