{"id":14569,"date":"2022-08-29T16:28:21","date_gmt":"2022-08-29T16:28:21","guid":{"rendered":"https:\/\/uus.kokariided.ee\/?product=luehikesed-leggingsid-mustad"},"modified":"2024-06-25T16:40:05","modified_gmt":"2024-06-25T16:40:05","slug":"luehikesed-leggingsid-mustad","status":"publish","type":"product","link":"https:\/\/uus.kokariided.ee\/en\/product\/luehikesed-leggingsid-mustad\/","title":{"rendered":"L\u00fchikesed Leggingsid, mustad"},"content":{"rendered":"","protected":false},"excerpt":{"rendered":"<p>L\u00fchikesed mustad leggingsid, mis on v\u00e4ga mugavad kanda, kuna sisaldavad spandeksit. Kummiv\u00e4rvliga.<br \/>\n97% puuvill, 3% spandeks,\u00a0180 g\/m\u00b2<br \/>\nsuurused S-2XL<\/p>","protected":false},"featured_media":14570,"comment_status":"open","ping_status":"closed","template":"","meta":[],"product_cat":[],"product_tag":[609],"class_list":{"0":"post-14569","1":"product","2":"type-product","3":"status-publish","4":"has-post-thumbnail","6":"product_tag-leggings","8":"first","9":"instock","10":"shipping-taxable","11":"purchasable","12":"product-type-variable"},"_links":{"self":[{"href":"https:\/\/uus.kokariided.ee\/en\/wp-json\/wp\/v2\/product\/14569","targetHints":{"allow":["GET"]}}],"collection":[{"href":"https:\/\/uus.kokariided.ee\/en\/wp-json\/wp\/v2\/product"}],"about":[{"href":"https:\/\/uus.kokariided.ee\/en\/wp-json\/wp\/v2\/types\/product"}],"replies":[{"embeddable":true,"href":"https:\/\/uus.kokariided.ee\/en\/wp-json\/wp\/v2\/comments?post=14569"}],"wp:featuredmedia":[{"embeddable":true,"href":"https:\/\/uus.kokariided.ee\/en\/wp-json\/wp\/v2\/media\/14570"}],"wp:attachment":[{"href":"https:\/\/uus.kokariided.ee\/en\/wp-json\/wp\/v2\/media?parent=14569"}],"wp:term":[{"taxonomy":"product_cat","embeddable":true,"href":"https:\/\/uus.kokariided.ee\/en\/wp-json\/wp\/v2\/product_cat?post=14569"},{"taxonomy":"product_tag","embeddable":true,"href":"https:\/\/uus.kokariided.ee\/en\/wp-json\/wp\/v2\/product_tag?post=14569"}],"curies":[{"name":"wp","href":"https:\/\/api.w.org\/{rel}","templated":true}]}}