{"id":14578,"date":"2022-08-30T10:19:03","date_gmt":"2022-08-30T10:19:03","guid":{"rendered":"https:\/\/uus.kokariided.ee\/?product=pueksid-triibulised"},"modified":"2025-01-16T15:49:42","modified_gmt":"2025-01-16T15:49:42","slug":"pueksid-triibulised","status":"publish","type":"product","link":"https:\/\/uus.kokariided.ee\/en\/product\/pueksid-triibulised\/","title":{"rendered":"P\u00fcksid Vienna, triibulised"},"content":{"rendered":"","protected":false},"excerpt":{"rendered":"<p>Mustad p\u00fcksid, millel triibuline muster. Sobilikud erinevatesse sektoritesse t\u00f6\u00f6p\u00fcksteks. Kummiv\u00e4rvli ja paelaga reguleeritavad. Pesu kuni 40 kraadi.<br \/>\nMaterjal: 65% pol\u00fcester, 35% puuvill,\u00a0180 g\/m\u00b2<br \/>\nSuurused S-5XL<\/p>","protected":false},"featured_media":14579,"comment_status":"open","ping_status":"closed","template":"","meta":[],"product_cat":[787,788,113],"product_tag":[],"class_list":{"0":"post-14578","1":"product","2":"type-product","3":"status-publish","4":"has-post-thumbnail","6":"product_brand-isacco","7":"product_cat-meeste-kokapueksid","8":"product_cat-naiste-kokapueksid","9":"product_cat-pueksid","11":"first","12":"instock","13":"shipping-taxable","14":"purchasable","15":"product-type-variable"},"_links":{"self":[{"href":"https:\/\/uus.kokariided.ee\/en\/wp-json\/wp\/v2\/product\/14578","targetHints":{"allow":["GET"]}}],"collection":[{"href":"https:\/\/uus.kokariided.ee\/en\/wp-json\/wp\/v2\/product"}],"about":[{"href":"https:\/\/uus.kokariided.ee\/en\/wp-json\/wp\/v2\/types\/product"}],"replies":[{"embeddable":true,"href":"https:\/\/uus.kokariided.ee\/en\/wp-json\/wp\/v2\/comments?post=14578"}],"wp:featuredmedia":[{"embeddable":true,"href":"https:\/\/uus.kokariided.ee\/en\/wp-json\/wp\/v2\/media\/14579"}],"wp:attachment":[{"href":"https:\/\/uus.kokariided.ee\/en\/wp-json\/wp\/v2\/media?parent=14578"}],"wp:term":[{"taxonomy":"product_cat","embeddable":true,"href":"https:\/\/uus.kokariided.ee\/en\/wp-json\/wp\/v2\/product_cat?post=14578"},{"taxonomy":"product_tag","embeddable":true,"href":"https:\/\/uus.kokariided.ee\/en\/wp-json\/wp\/v2\/product_tag?post=14578"}],"curies":[{"name":"wp","href":"https:\/\/api.w.org\/{rel}","templated":true}]}}