{"id":14594,"date":"2022-09-01T17:10:38","date_gmt":"2022-09-01T17:10:38","guid":{"rendered":"https:\/\/uus.kokariided.ee\/?product=voeoepoll-70x7cm-must"},"modified":"2025-08-19T11:55:56","modified_gmt":"2025-08-19T11:55:56","slug":"voeoepoll-70x7cm-must","status":"publish","type":"product","link":"https:\/\/uus.kokariided.ee\/en\/product\/voeoepoll-70x7cm-must\/","title":{"rendered":"V\u00f6\u00f6p\u00f5ll 70x70cm, must"},"content":{"rendered":"","protected":false},"excerpt":{"rendered":"<p>V\u00f6\u00f6p\u00f5ll m\u00f5\u00f5tudega 70x70cm, mille ees on kaks taskut. Sobilik nii teenindavale personalile kui ka kokale.<br \/>\nMaterjal: 80% pol\u00fcester, 20% puuvill<\/p>","protected":false},"featured_media":14595,"comment_status":"open","ping_status":"closed","template":"","meta":[],"product_cat":[104,112,153],"product_tag":[],"class_list":{"0":"post-14594","1":"product","2":"type-product","3":"status-publish","4":"has-post-thumbnail","6":"product_brand-egochef","7":"product_cat-kokariided","8":"product_cat-polled","9":"product_cat-voeoepoll-70x70cm","11":"first","12":"instock","13":"shipping-taxable","14":"purchasable","15":"product-type-simple"},"_links":{"self":[{"href":"https:\/\/uus.kokariided.ee\/en\/wp-json\/wp\/v2\/product\/14594","targetHints":{"allow":["GET"]}}],"collection":[{"href":"https:\/\/uus.kokariided.ee\/en\/wp-json\/wp\/v2\/product"}],"about":[{"href":"https:\/\/uus.kokariided.ee\/en\/wp-json\/wp\/v2\/types\/product"}],"replies":[{"embeddable":true,"href":"https:\/\/uus.kokariided.ee\/en\/wp-json\/wp\/v2\/comments?post=14594"}],"wp:featuredmedia":[{"embeddable":true,"href":"https:\/\/uus.kokariided.ee\/en\/wp-json\/wp\/v2\/media\/14595"}],"wp:attachment":[{"href":"https:\/\/uus.kokariided.ee\/en\/wp-json\/wp\/v2\/media?parent=14594"}],"wp:term":[{"taxonomy":"product_cat","embeddable":true,"href":"https:\/\/uus.kokariided.ee\/en\/wp-json\/wp\/v2\/product_cat?post=14594"},{"taxonomy":"product_tag","embeddable":true,"href":"https:\/\/uus.kokariided.ee\/en\/wp-json\/wp\/v2\/product_tag?post=14594"}],"curies":[{"name":"wp","href":"https:\/\/api.w.org\/{rel}","templated":true}]}}