{"id":14609,"date":"2022-09-14T13:59:11","date_gmt":"2022-09-14T13:59:11","guid":{"rendered":"https:\/\/uus.kokariided.ee\/?product=meeste-regularfit-pueksid-mustad"},"modified":"2024-06-25T16:07:07","modified_gmt":"2024-06-25T16:07:07","slug":"meeste-regularfit-pueksid-mustad","status":"publish","type":"product","link":"https:\/\/uus.kokariided.ee\/en\/product\/meeste-regularfit-pueksid-mustad\/","title":{"rendered":"Meeste RegularFit p\u00fcksid, mustad"},"content":{"rendered":"","protected":false},"excerpt":{"rendered":"<p>Meeste RegularFit p\u00fcksid, millel on 3 taskut. Kaks taskut k\u00fclgedel ja \u00fcks taga pool.\u00a0Kinnitus luku ning n\u00f6\u00f6biga, v\u00f6\u00f6l rihma aasad ning kummipaelad k\u00fclgedel. Pesu kuni 95 kraadi. Suurus 50 sises\u00e4\u00e4re pikkus on 84cm.<\/p>\n<p>Materjal: 65% pol\u00fcester, 35%\u00a0puuvill, 210 g\/m2<\/p>","protected":false},"featured_media":14610,"comment_status":"open","ping_status":"closed","template":"","meta":[],"product_cat":[104,787,794,113,145],"product_tag":[261],"class_list":{"0":"post-14609","1":"product","2":"type-product","3":"status-publish","4":"has-post-thumbnail","6":"product_brand-greiff","7":"product_cat-kokariided","8":"product_cat-meeste-kokapueksid","9":"product_cat-pueksid1756115223","10":"product_cat-pueksid","11":"product_cat-teenindusriided","12":"product_tag-95-kraadi","14":"first","15":"instock","16":"shipping-taxable","17":"purchasable","18":"product-type-variable"},"_links":{"self":[{"href":"https:\/\/uus.kokariided.ee\/en\/wp-json\/wp\/v2\/product\/14609","targetHints":{"allow":["GET"]}}],"collection":[{"href":"https:\/\/uus.kokariided.ee\/en\/wp-json\/wp\/v2\/product"}],"about":[{"href":"https:\/\/uus.kokariided.ee\/en\/wp-json\/wp\/v2\/types\/product"}],"replies":[{"embeddable":true,"href":"https:\/\/uus.kokariided.ee\/en\/wp-json\/wp\/v2\/comments?post=14609"}],"wp:featuredmedia":[{"embeddable":true,"href":"https:\/\/uus.kokariided.ee\/en\/wp-json\/wp\/v2\/media\/14610"}],"wp:attachment":[{"href":"https:\/\/uus.kokariided.ee\/en\/wp-json\/wp\/v2\/media?parent=14609"}],"wp:term":[{"taxonomy":"product_cat","embeddable":true,"href":"https:\/\/uus.kokariided.ee\/en\/wp-json\/wp\/v2\/product_cat?post=14609"},{"taxonomy":"product_tag","embeddable":true,"href":"https:\/\/uus.kokariided.ee\/en\/wp-json\/wp\/v2\/product_tag?post=14609"}],"curies":[{"name":"wp","href":"https:\/\/api.w.org\/{rel}","templated":true}]}}