{"id":14670,"date":"2022-10-17T14:32:17","date_gmt":"2022-10-17T14:32:17","guid":{"rendered":"https:\/\/uus.kokariided.ee\/?product=klapiga-poll-77x110cm-triibuline"},"modified":"2024-06-26T13:30:01","modified_gmt":"2024-06-26T13:30:01","slug":"klapiga-poll-77x110cm-triibuline","status":"publish","type":"product","link":"https:\/\/uus.kokariided.ee\/en\/product\/klapiga-poll-77x110cm-triibuline\/","title":{"rendered":"Klapiga p\u00f5ll 77x110cm, triibuline"},"content":{"rendered":"","protected":false},"excerpt":{"rendered":"<p>Klapiga p\u00f5ll, mille kaelapael on trukkidega reguleeritav. P\u00f5ll on taskuta, kuid selle eest on p\u00f5llel uhked triibud.<br \/>\n100% puuvill, 77x110cm.<\/p>","protected":false},"featured_media":14671,"comment_status":"open","ping_status":"closed","template":"","meta":[],"product_cat":[783,104,146,112,145],"product_tag":[213,618,617],"class_list":{"0":"post-14670","1":"product","2":"type-product","3":"status-publish","4":"has-post-thumbnail","6":"product_brand-greiff","7":"product_cat-klapiga-poll-77x110cm1756115202","8":"product_cat-kokariided","9":"product_cat-polled1755886053","10":"product_cat-polled","11":"product_cat-teenindusriided","12":"product_tag-puuvill","13":"product_tag-puuvillane","14":"product_tag-triibuline","16":"first","17":"instock","18":"shipping-taxable","19":"purchasable","20":"product-type-variable"},"_links":{"self":[{"href":"https:\/\/uus.kokariided.ee\/en\/wp-json\/wp\/v2\/product\/14670","targetHints":{"allow":["GET"]}}],"collection":[{"href":"https:\/\/uus.kokariided.ee\/en\/wp-json\/wp\/v2\/product"}],"about":[{"href":"https:\/\/uus.kokariided.ee\/en\/wp-json\/wp\/v2\/types\/product"}],"replies":[{"embeddable":true,"href":"https:\/\/uus.kokariided.ee\/en\/wp-json\/wp\/v2\/comments?post=14670"}],"wp:featuredmedia":[{"embeddable":true,"href":"https:\/\/uus.kokariided.ee\/en\/wp-json\/wp\/v2\/media\/14671"}],"wp:attachment":[{"href":"https:\/\/uus.kokariided.ee\/en\/wp-json\/wp\/v2\/media?parent=14670"}],"wp:term":[{"taxonomy":"product_cat","embeddable":true,"href":"https:\/\/uus.kokariided.ee\/en\/wp-json\/wp\/v2\/product_cat?post=14670"},{"taxonomy":"product_tag","embeddable":true,"href":"https:\/\/uus.kokariided.ee\/en\/wp-json\/wp\/v2\/product_tag?post=14670"}],"curies":[{"name":"wp","href":"https:\/\/api.w.org\/{rel}","templated":true}]}}