{"id":14712,"date":"2022-10-28T12:49:59","date_gmt":"2022-10-28T12:49:59","guid":{"rendered":"https:\/\/uus.kokariided.ee\/?product=klapiga-poll-142-tuerkiis"},"modified":"2024-01-04T17:15:17","modified_gmt":"2024-01-04T17:15:17","slug":"klapiga-poll-142-tuerkiis","status":"publish","type":"product","link":"https:\/\/uus.kokariided.ee\/en\/product\/klapiga-poll-142-tuerkiis\/","title":{"rendered":"Klapiga p\u00f5ll 75x75cm T\u00fcrkiis"},"content":{"rendered":"","protected":false},"excerpt":{"rendered":"<p>P\u00f5ll 75x75cm, reguleeritavP\u00f5ll sobilik\u00a0 teenindajale\/kokale, 1 taskugaMaterjalid:65% pol\u00fcester \/ 35 %puuvill<\/p>","protected":false},"featured_media":14713,"comment_status":"open","ping_status":"closed","template":"","meta":[],"product_cat":[776,104,112],"product_tag":[],"class_list":{"0":"post-14712","1":"product","2":"type-product","3":"status-publish","4":"has-post-thumbnail","6":"product_brand-exner","7":"product_cat-klapiga-poll-75x75cm1756114975","8":"product_cat-kokariided","9":"product_cat-polled","11":"first","12":"instock","13":"shipping-taxable","14":"purchasable","15":"product-type-simple"},"_links":{"self":[{"href":"https:\/\/uus.kokariided.ee\/en\/wp-json\/wp\/v2\/product\/14712","targetHints":{"allow":["GET"]}}],"collection":[{"href":"https:\/\/uus.kokariided.ee\/en\/wp-json\/wp\/v2\/product"}],"about":[{"href":"https:\/\/uus.kokariided.ee\/en\/wp-json\/wp\/v2\/types\/product"}],"replies":[{"embeddable":true,"href":"https:\/\/uus.kokariided.ee\/en\/wp-json\/wp\/v2\/comments?post=14712"}],"wp:featuredmedia":[{"embeddable":true,"href":"https:\/\/uus.kokariided.ee\/en\/wp-json\/wp\/v2\/media\/14713"}],"wp:attachment":[{"href":"https:\/\/uus.kokariided.ee\/en\/wp-json\/wp\/v2\/media?parent=14712"}],"wp:term":[{"taxonomy":"product_cat","embeddable":true,"href":"https:\/\/uus.kokariided.ee\/en\/wp-json\/wp\/v2\/product_cat?post=14712"},{"taxonomy":"product_tag","embeddable":true,"href":"https:\/\/uus.kokariided.ee\/en\/wp-json\/wp\/v2\/product_tag?post=14712"}],"curies":[{"name":"wp","href":"https:\/\/api.w.org\/{rel}","templated":true}]}}