{"id":14738,"date":"2022-11-23T13:11:25","date_gmt":"2022-11-23T13:11:25","guid":{"rendered":"https:\/\/uus.kokariided.ee\/?product=naiste-modern-375-pluus-sinine"},"modified":"2024-03-21T17:31:51","modified_gmt":"2024-03-21T17:31:51","slug":"naiste-modern-375-pluus-sinine","status":"publish","type":"product","link":"https:\/\/uus.kokariided.ee\/en\/product\/naiste-modern-375-pluus-sinine\/","title":{"rendered":"Naiste Modern 37,5 RF pluus, sinine"},"content":{"rendered":"","protected":false},"excerpt":{"rendered":"<p>Naiste pikkade varrukatega pluus, millel on Kenti krae. Lai mansett on Greiff tikandiga. Pesu kuni 60 kraadi.<br \/>\nMaterjal: 76% puuvill, 22% pol\u00fcester, 2% elastaan,\u00a0135 g\/m2<br \/>\nSaadaval veel musta, tumesinise, valge ja hallina.<br \/>\nVAATA VIDEOT!\u00a0&#8211; kuidas hooldada<br \/>\nGreiffi Coolmax-kangas s\u00e4ilitab \u00fchtlase temperatuuri, reguleerib niiskust, on hingav ja t\u00e4ielikult masinpestav.<\/p>","protected":false},"featured_media":14739,"comment_status":"open","ping_status":"closed","template":"","meta":[],"product_cat":[756,753,145],"product_tag":[],"class_list":{"0":"post-14738","1":"product","2":"type-product","3":"status-publish","4":"has-post-thumbnail","6":"product_brand-greiff","7":"product_cat-naiste-pluusidsaergid","8":"product_cat-saergid-ja-pluusid","9":"product_cat-teenindusriided","11":"first","12":"instock","13":"shipping-taxable","14":"purchasable","15":"product-type-variable"},"_links":{"self":[{"href":"https:\/\/uus.kokariided.ee\/en\/wp-json\/wp\/v2\/product\/14738","targetHints":{"allow":["GET"]}}],"collection":[{"href":"https:\/\/uus.kokariided.ee\/en\/wp-json\/wp\/v2\/product"}],"about":[{"href":"https:\/\/uus.kokariided.ee\/en\/wp-json\/wp\/v2\/types\/product"}],"replies":[{"embeddable":true,"href":"https:\/\/uus.kokariided.ee\/en\/wp-json\/wp\/v2\/comments?post=14738"}],"wp:featuredmedia":[{"embeddable":true,"href":"https:\/\/uus.kokariided.ee\/en\/wp-json\/wp\/v2\/media\/14739"}],"wp:attachment":[{"href":"https:\/\/uus.kokariided.ee\/en\/wp-json\/wp\/v2\/media?parent=14738"}],"wp:term":[{"taxonomy":"product_cat","embeddable":true,"href":"https:\/\/uus.kokariided.ee\/en\/wp-json\/wp\/v2\/product_cat?post=14738"},{"taxonomy":"product_tag","embeddable":true,"href":"https:\/\/uus.kokariided.ee\/en\/wp-json\/wp\/v2\/product_tag?post=14738"}],"curies":[{"name":"wp","href":"https:\/\/api.w.org\/{rel}","templated":true}]}}