{"id":14765,"date":"2022-11-23T13:39:59","date_gmt":"2022-11-23T13:39:59","guid":{"rendered":"https:\/\/uus.kokariided.ee\/?product=naiste-modern-375-sf-pluus-triibuline"},"modified":"2024-05-15T13:05:20","modified_gmt":"2024-05-15T13:05:20","slug":"naiste-modern-375-sf-pluus-triibuline","status":"publish","type":"product","link":"https:\/\/uus.kokariided.ee\/en\/product\/naiste-modern-375-sf-pluus-triibuline\/","title":{"rendered":"Naiste Modern 37,5 SF pluus, triibuline"},"content":{"rendered":"","protected":false},"excerpt":{"rendered":"<p>Naiste pikkade varrukatega SlimFit pluus, millel on Kenti krae. Lai topelt n\u00f6\u00f6bireaga mansett. Pesu kuni 60 kraadi.<br \/>\nMaterjal: 76% puuvill, 22% pol\u00fcester, 2% elastaan,\u00a0135 g\/m2<br \/>\nGreiffi Coolmax-kangas s\u00e4ilitab \u00fchtlase temperatuuri, reguleerib niiskust, on hingav ja t\u00e4ielikult masinpestav.<br \/>\nVAATA VIDEOT!\u00a0&#8211; kuidas hooldada<\/p>","protected":false},"featured_media":14766,"comment_status":"open","ping_status":"closed","template":"","meta":[],"product_cat":[756,753,106,145],"product_tag":[],"class_list":{"0":"post-14765","1":"product","2":"type-product","3":"status-publish","4":"has-post-thumbnail","6":"product_brand-greiff","7":"product_cat-naiste-pluusidsaergid","8":"product_cat-saergid-ja-pluusid","9":"product_cat-soodusmueuek","10":"product_cat-teenindusriided","12":"first","13":"instock","14":"sale","15":"shipping-taxable","16":"purchasable","17":"product-type-variable"},"_links":{"self":[{"href":"https:\/\/uus.kokariided.ee\/en\/wp-json\/wp\/v2\/product\/14765","targetHints":{"allow":["GET"]}}],"collection":[{"href":"https:\/\/uus.kokariided.ee\/en\/wp-json\/wp\/v2\/product"}],"about":[{"href":"https:\/\/uus.kokariided.ee\/en\/wp-json\/wp\/v2\/types\/product"}],"replies":[{"embeddable":true,"href":"https:\/\/uus.kokariided.ee\/en\/wp-json\/wp\/v2\/comments?post=14765"}],"wp:featuredmedia":[{"embeddable":true,"href":"https:\/\/uus.kokariided.ee\/en\/wp-json\/wp\/v2\/media\/14766"}],"wp:attachment":[{"href":"https:\/\/uus.kokariided.ee\/en\/wp-json\/wp\/v2\/media?parent=14765"}],"wp:term":[{"taxonomy":"product_cat","embeddable":true,"href":"https:\/\/uus.kokariided.ee\/en\/wp-json\/wp\/v2\/product_cat?post=14765"},{"taxonomy":"product_tag","embeddable":true,"href":"https:\/\/uus.kokariided.ee\/en\/wp-json\/wp\/v2\/product_tag?post=14765"}],"curies":[{"name":"wp","href":"https:\/\/api.w.org\/{rel}","templated":true}]}}