{"id":14782,"date":"2022-11-24T11:48:50","date_gmt":"2022-11-24T11:48:50","guid":{"rendered":"https:\/\/uus.kokariided.ee\/?product=laste-kokapoll-punane40x60cm"},"modified":"2024-11-26T14:34:09","modified_gmt":"2024-11-26T14:34:09","slug":"laste-kokapoll-punane40x60cm","status":"publish","type":"product","link":"https:\/\/uus.kokariided.ee\/en\/product\/laste-kokapoll-punane40x60cm\/","title":{"rendered":"Laste kokap\u00f5ll PUNANE 40x60cm"},"content":{"rendered":"","protected":false},"excerpt":{"rendered":"<p>P\u00f5ll 40x60cm, kaelapael trukkidega reguleeritav, \u00fche\u00a0parempoolse taskuga65% pol\u00fcester, 35%puuvill, 220 g\/m2<br \/>\nHooldusjuhised: Peske temperatuuril 60\u00b0C.<\/p>","protected":false},"featured_media":14783,"comment_status":"open","ping_status":"closed","template":"","meta":[],"product_cat":[158],"product_tag":[],"class_list":{"0":"post-14782","1":"product","2":"type-product","3":"status-publish","4":"has-post-thumbnail","6":"product_brand-exner","7":"product_cat-laste-kokariided","9":"first","10":"instock","11":"shipping-taxable","12":"purchasable","13":"product-type-variable"},"_links":{"self":[{"href":"https:\/\/uus.kokariided.ee\/en\/wp-json\/wp\/v2\/product\/14782","targetHints":{"allow":["GET"]}}],"collection":[{"href":"https:\/\/uus.kokariided.ee\/en\/wp-json\/wp\/v2\/product"}],"about":[{"href":"https:\/\/uus.kokariided.ee\/en\/wp-json\/wp\/v2\/types\/product"}],"replies":[{"embeddable":true,"href":"https:\/\/uus.kokariided.ee\/en\/wp-json\/wp\/v2\/comments?post=14782"}],"wp:featuredmedia":[{"embeddable":true,"href":"https:\/\/uus.kokariided.ee\/en\/wp-json\/wp\/v2\/media\/14783"}],"wp:attachment":[{"href":"https:\/\/uus.kokariided.ee\/en\/wp-json\/wp\/v2\/media?parent=14782"}],"wp:term":[{"taxonomy":"product_cat","embeddable":true,"href":"https:\/\/uus.kokariided.ee\/en\/wp-json\/wp\/v2\/product_cat?post=14782"},{"taxonomy":"product_tag","embeddable":true,"href":"https:\/\/uus.kokariided.ee\/en\/wp-json\/wp\/v2\/product_tag?post=14782"}],"curies":[{"name":"wp","href":"https:\/\/api.w.org\/{rel}","templated":true}]}}