{"id":14789,"date":"2022-12-08T16:16:33","date_gmt":"2022-12-08T16:16:33","guid":{"rendered":"https:\/\/uus.kokariided.ee\/?product=kokajakk-raul-must"},"modified":"2025-05-23T12:33:23","modified_gmt":"2025-05-23T12:33:23","slug":"kokajakk-raul-must","status":"publish","type":"product","link":"https:\/\/uus.kokariided.ee\/en\/product\/kokajakk-raul-must\/","title":{"rendered":"Kokajakk RAUL, must"},"content":{"rendered":"","protected":false},"excerpt":{"rendered":"<p>Kokajakk kitsa l\u00f5ikega, pika varrukaga, trukkidega, selja- ja varrukataguse \u00f5hulise v\u00f5rguga. Vasakul rinnal ning varrukal tasku.<br \/>\n65% pol\u00fcester, 35% puuvill.<br \/>\n200g \/m2<br \/>\nSaadaval suurustes\u00a0S &#8211; 4XL<\/p>","protected":false},"featured_media":14790,"comment_status":"open","ping_status":"closed","template":"","meta":[],"product_cat":[110,104,789,790],"product_tag":[460,622,623],"class_list":{"0":"post-14789","1":"product","2":"type-product","3":"status-publish","4":"has-post-thumbnail","6":"product_cat-kokajakid","7":"product_cat-kokariided","8":"product_cat-meeste-unisex-kokajakid","9":"product_cat-naiste-kokajakid","10":"product_tag-kokajakk","11":"product_tag-raul","12":"product_tag-thiago","14":"first","15":"instock","16":"shipping-taxable","17":"purchasable","18":"product-type-variable"},"_links":{"self":[{"href":"https:\/\/uus.kokariided.ee\/en\/wp-json\/wp\/v2\/product\/14789","targetHints":{"allow":["GET"]}}],"collection":[{"href":"https:\/\/uus.kokariided.ee\/en\/wp-json\/wp\/v2\/product"}],"about":[{"href":"https:\/\/uus.kokariided.ee\/en\/wp-json\/wp\/v2\/types\/product"}],"replies":[{"embeddable":true,"href":"https:\/\/uus.kokariided.ee\/en\/wp-json\/wp\/v2\/comments?post=14789"}],"wp:featuredmedia":[{"embeddable":true,"href":"https:\/\/uus.kokariided.ee\/en\/wp-json\/wp\/v2\/media\/14790"}],"wp:attachment":[{"href":"https:\/\/uus.kokariided.ee\/en\/wp-json\/wp\/v2\/media?parent=14789"}],"wp:term":[{"taxonomy":"product_cat","embeddable":true,"href":"https:\/\/uus.kokariided.ee\/en\/wp-json\/wp\/v2\/product_cat?post=14789"},{"taxonomy":"product_tag","embeddable":true,"href":"https:\/\/uus.kokariided.ee\/en\/wp-json\/wp\/v2\/product_tag?post=14789"}],"curies":[{"name":"wp","href":"https:\/\/api.w.org\/{rel}","templated":true}]}}