{"id":14804,"date":"2022-12-08T16:28:27","date_gmt":"2022-12-08T16:28:27","guid":{"rendered":"https:\/\/uus.kokariided.ee\/?product=kokajakk-raul-tumesinine"},"modified":"2025-07-23T12:40:02","modified_gmt":"2025-07-23T12:40:02","slug":"kokajakk-raul-tumesinine","status":"publish","type":"product","link":"https:\/\/uus.kokariided.ee\/en\/product\/kokajakk-raul-tumesinine\/","title":{"rendered":"Kokajakk RAUL, tumesinine"},"content":{"rendered":"","protected":false},"excerpt":{"rendered":"<p>Kokajakk kitsa l\u00f5ikega, pika varrukaga, trukkidega, selja- ja varrukataguse \u00f5hulise v\u00f5rguga. Vasakul rinnal ning varrukal tasku.<br \/>\n65% pol\u00fcester, 35% puuvill.<br \/>\n200g \/m2<br \/>\nSaadaval suurustes\u00a0S &#8211; 4XL<\/p>","protected":false},"featured_media":14805,"comment_status":"open","ping_status":"closed","template":"","meta":[],"product_cat":[110,104,789,790],"product_tag":[460,622,623],"class_list":{"0":"post-14804","1":"product","2":"type-product","3":"status-publish","4":"has-post-thumbnail","6":"product_brand-egochef","7":"product_cat-kokajakid","8":"product_cat-kokariided","9":"product_cat-meeste-unisex-kokajakid","10":"product_cat-naiste-kokajakid","11":"product_tag-kokajakk","12":"product_tag-raul","13":"product_tag-thiago","15":"first","16":"instock","17":"shipping-taxable","18":"purchasable","19":"product-type-variable"},"_links":{"self":[{"href":"https:\/\/uus.kokariided.ee\/en\/wp-json\/wp\/v2\/product\/14804","targetHints":{"allow":["GET"]}}],"collection":[{"href":"https:\/\/uus.kokariided.ee\/en\/wp-json\/wp\/v2\/product"}],"about":[{"href":"https:\/\/uus.kokariided.ee\/en\/wp-json\/wp\/v2\/types\/product"}],"replies":[{"embeddable":true,"href":"https:\/\/uus.kokariided.ee\/en\/wp-json\/wp\/v2\/comments?post=14804"}],"wp:featuredmedia":[{"embeddable":true,"href":"https:\/\/uus.kokariided.ee\/en\/wp-json\/wp\/v2\/media\/14805"}],"wp:attachment":[{"href":"https:\/\/uus.kokariided.ee\/en\/wp-json\/wp\/v2\/media?parent=14804"}],"wp:term":[{"taxonomy":"product_cat","embeddable":true,"href":"https:\/\/uus.kokariided.ee\/en\/wp-json\/wp\/v2\/product_cat?post=14804"},{"taxonomy":"product_tag","embeddable":true,"href":"https:\/\/uus.kokariided.ee\/en\/wp-json\/wp\/v2\/product_tag?post=14804"}],"curies":[{"name":"wp","href":"https:\/\/api.w.org\/{rel}","templated":true}]}}