{"id":14850,"date":"2022-12-08T16:56:03","date_gmt":"2022-12-08T16:56:03","guid":{"rendered":"https:\/\/uus.kokariided.ee\/?product=kokajakk-thiago-tumesinine"},"modified":"2025-07-28T11:33:30","modified_gmt":"2025-07-28T11:33:30","slug":"kokajakk-thiago-tumesinine","status":"publish","type":"product","link":"https:\/\/uus.kokariided.ee\/en\/product\/kokajakk-thiago-tumesinine\/","title":{"rendered":"Kokajakk THIAGO, tumesinine"},"content":{"rendered":"","protected":false},"excerpt":{"rendered":"<p>Kokajakk kitsa l\u00f5ikega,\u00a0l\u00fchikese varrukaga, trukkidega, seljataguse \u00f5hulise v\u00f5rguga. Vasakul rinnal tasku.<br \/>\n65% pol\u00fcester, 35% puuvill<br \/>\n200\/m2<br \/>\nSuurused S-4XL<\/p>","protected":false},"featured_media":14851,"comment_status":"open","ping_status":"closed","template":"","meta":[],"product_cat":[110,789],"product_tag":[460,622,623],"class_list":{"0":"post-14850","1":"product","2":"type-product","3":"status-publish","4":"has-post-thumbnail","6":"product_cat-kokajakid","7":"product_cat-meeste-unisex-kokajakid","8":"product_tag-kokajakk","9":"product_tag-raul","10":"product_tag-thiago","12":"first","13":"instock","14":"shipping-taxable","15":"purchasable","16":"product-type-variable"},"_links":{"self":[{"href":"https:\/\/uus.kokariided.ee\/en\/wp-json\/wp\/v2\/product\/14850","targetHints":{"allow":["GET"]}}],"collection":[{"href":"https:\/\/uus.kokariided.ee\/en\/wp-json\/wp\/v2\/product"}],"about":[{"href":"https:\/\/uus.kokariided.ee\/en\/wp-json\/wp\/v2\/types\/product"}],"replies":[{"embeddable":true,"href":"https:\/\/uus.kokariided.ee\/en\/wp-json\/wp\/v2\/comments?post=14850"}],"wp:featuredmedia":[{"embeddable":true,"href":"https:\/\/uus.kokariided.ee\/en\/wp-json\/wp\/v2\/media\/14851"}],"wp:attachment":[{"href":"https:\/\/uus.kokariided.ee\/en\/wp-json\/wp\/v2\/media?parent=14850"}],"wp:term":[{"taxonomy":"product_cat","embeddable":true,"href":"https:\/\/uus.kokariided.ee\/en\/wp-json\/wp\/v2\/product_cat?post=14850"},{"taxonomy":"product_tag","embeddable":true,"href":"https:\/\/uus.kokariided.ee\/en\/wp-json\/wp\/v2\/product_tag?post=14850"}],"curies":[{"name":"wp","href":"https:\/\/api.w.org\/{rel}","templated":true}]}}