{"id":14864,"date":"2022-12-08T17:07:24","date_gmt":"2022-12-08T17:07:24","guid":{"rendered":"https:\/\/uus.kokariided.ee\/?product=kokajakk-thiago-militaarroheline"},"modified":"2025-05-20T16:37:55","modified_gmt":"2025-05-20T16:37:55","slug":"kokajakk-thiago-militaarroheline","status":"publish","type":"product","link":"https:\/\/uus.kokariided.ee\/en\/product\/kokajakk-thiago-militaarroheline\/","title":{"rendered":"Kokajakk THIAGO, militaarroheline"},"content":{"rendered":"","protected":false},"excerpt":{"rendered":"<p>Kokajakk kitsa l\u00f5ikega,\u00a0l\u00fchikese varrukaga, trukkidega, seljataguse \u00f5hulise v\u00f5rguga. Vasakul rinnal tasku.<br \/>\n65% pol\u00fcester, 35% puuvill<br \/>\n200\/m2<br \/>\nSuurused S-4XL<\/p>","protected":false},"featured_media":14865,"comment_status":"open","ping_status":"closed","template":"","meta":[],"product_cat":[110,104,789],"product_tag":[460,622,623],"class_list":{"0":"post-14864","1":"product","2":"type-product","3":"status-publish","4":"has-post-thumbnail","6":"product_cat-kokajakid","7":"product_cat-kokariided","8":"product_cat-meeste-unisex-kokajakid","9":"product_tag-kokajakk","10":"product_tag-raul","11":"product_tag-thiago","13":"first","14":"instock","15":"shipping-taxable","16":"purchasable","17":"product-type-variable"},"_links":{"self":[{"href":"https:\/\/uus.kokariided.ee\/en\/wp-json\/wp\/v2\/product\/14864","targetHints":{"allow":["GET"]}}],"collection":[{"href":"https:\/\/uus.kokariided.ee\/en\/wp-json\/wp\/v2\/product"}],"about":[{"href":"https:\/\/uus.kokariided.ee\/en\/wp-json\/wp\/v2\/types\/product"}],"replies":[{"embeddable":true,"href":"https:\/\/uus.kokariided.ee\/en\/wp-json\/wp\/v2\/comments?post=14864"}],"wp:featuredmedia":[{"embeddable":true,"href":"https:\/\/uus.kokariided.ee\/en\/wp-json\/wp\/v2\/media\/14865"}],"wp:attachment":[{"href":"https:\/\/uus.kokariided.ee\/en\/wp-json\/wp\/v2\/media?parent=14864"}],"wp:term":[{"taxonomy":"product_cat","embeddable":true,"href":"https:\/\/uus.kokariided.ee\/en\/wp-json\/wp\/v2\/product_cat?post=14864"},{"taxonomy":"product_tag","embeddable":true,"href":"https:\/\/uus.kokariided.ee\/en\/wp-json\/wp\/v2\/product_tag?post=14864"}],"curies":[{"name":"wp","href":"https:\/\/api.w.org\/{rel}","templated":true}]}}