{"id":14877,"date":"2022-12-08T17:17:12","date_gmt":"2022-12-08T17:17:12","guid":{"rendered":"https:\/\/uus.kokariided.ee\/?product=kokajakk-thiago-marrone-pruun"},"modified":"2024-04-02T15:56:31","modified_gmt":"2024-04-02T15:56:31","slug":"kokajakk-thiago-marrone-pruun","status":"publish","type":"product","link":"https:\/\/uus.kokariided.ee\/en\/product\/kokajakk-thiago-marrone-pruun\/","title":{"rendered":"Kokajakk THIAGO, Marrone-pruun"},"content":{"rendered":"","protected":false},"excerpt":{"rendered":"<p>Kokajakk kitsa l\u00f5ikega, l\u00fchikese varrukaga ja seljatagant \u00f5hulise v\u00f5rguga. Rinnal tasku.\u00a0<br \/>\n65% pol\u00fcester 35% puuvill<br \/>\nSaadaval suurustes\u00a0S &#8211; 4XL<\/p>","protected":false},"featured_media":14878,"comment_status":"open","ping_status":"closed","template":"","meta":[],"product_cat":[110,104,789],"product_tag":[460,622],"class_list":{"0":"post-14877","1":"product","2":"type-product","3":"status-publish","4":"has-post-thumbnail","6":"product_cat-kokajakid","7":"product_cat-kokariided","8":"product_cat-meeste-unisex-kokajakid","9":"product_tag-kokajakk","10":"product_tag-raul","12":"first","13":"instock","14":"shipping-taxable","15":"purchasable","16":"product-type-variable"},"_links":{"self":[{"href":"https:\/\/uus.kokariided.ee\/en\/wp-json\/wp\/v2\/product\/14877","targetHints":{"allow":["GET"]}}],"collection":[{"href":"https:\/\/uus.kokariided.ee\/en\/wp-json\/wp\/v2\/product"}],"about":[{"href":"https:\/\/uus.kokariided.ee\/en\/wp-json\/wp\/v2\/types\/product"}],"replies":[{"embeddable":true,"href":"https:\/\/uus.kokariided.ee\/en\/wp-json\/wp\/v2\/comments?post=14877"}],"wp:featuredmedia":[{"embeddable":true,"href":"https:\/\/uus.kokariided.ee\/en\/wp-json\/wp\/v2\/media\/14878"}],"wp:attachment":[{"href":"https:\/\/uus.kokariided.ee\/en\/wp-json\/wp\/v2\/media?parent=14877"}],"wp:term":[{"taxonomy":"product_cat","embeddable":true,"href":"https:\/\/uus.kokariided.ee\/en\/wp-json\/wp\/v2\/product_cat?post=14877"},{"taxonomy":"product_tag","embeddable":true,"href":"https:\/\/uus.kokariided.ee\/en\/wp-json\/wp\/v2\/product_tag?post=14877"}],"curies":[{"name":"wp","href":"https:\/\/api.w.org\/{rel}","templated":true}]}}