{"id":14914,"date":"2022-12-09T10:45:08","date_gmt":"2022-12-09T10:45:08","guid":{"rendered":"https:\/\/uus.kokariided.ee\/?product=kokapueksid-noah-mustad"},"modified":"2025-06-06T13:57:32","modified_gmt":"2025-06-06T13:57:32","slug":"kokapueksid-noah-mustad","status":"publish","type":"product","link":"https:\/\/uus.kokariided.ee\/en\/product\/kokapueksid-noah-mustad\/","title":{"rendered":"Kokap\u00fcksid NOAH, mustad"},"content":{"rendered":"<h2><\/h2>","protected":false},"excerpt":{"rendered":"<p>Kitsa l\u00f5ikega unisex kokap\u00fcksid, mis on valmistatud venivast pol\u00fcesterpuuvillasest satiinist kaaluga 180 g\/m2.\u00a0Kangas on \u00e4\u00e4rmiselt t\u00f6\u00f6kindel ja vastupidav k\u00f5rgel temperatuuril pesemisele. V\u00f6\u00f6kohta \u00fcmbritseb 4 cm k\u00f5rgune v\u00e4rvel ning mugav pingutusn\u00f6\u00f6r.\u00a0Ees kaks taskut ja taga \u00fcks tasku.<br \/>\n62% puuvill, 35% pol\u00fcester, 3% elastaan<br \/>\nSuurused XS-4XL<br \/>\n180 g \/ m2<\/p>","protected":false},"featured_media":14915,"comment_status":"open","ping_status":"closed","template":"","meta":[],"product_cat":[104,787,788,113],"product_tag":[],"class_list":{"0":"post-14914","1":"product","2":"type-product","3":"status-publish","4":"has-post-thumbnail","6":"product_brand-giblors","7":"product_cat-kokariided","8":"product_cat-meeste-kokapueksid","9":"product_cat-naiste-kokapueksid","10":"product_cat-pueksid","12":"first","13":"instock","14":"shipping-taxable","15":"purchasable","16":"product-type-variable"},"_links":{"self":[{"href":"https:\/\/uus.kokariided.ee\/en\/wp-json\/wp\/v2\/product\/14914","targetHints":{"allow":["GET"]}}],"collection":[{"href":"https:\/\/uus.kokariided.ee\/en\/wp-json\/wp\/v2\/product"}],"about":[{"href":"https:\/\/uus.kokariided.ee\/en\/wp-json\/wp\/v2\/types\/product"}],"replies":[{"embeddable":true,"href":"https:\/\/uus.kokariided.ee\/en\/wp-json\/wp\/v2\/comments?post=14914"}],"wp:featuredmedia":[{"embeddable":true,"href":"https:\/\/uus.kokariided.ee\/en\/wp-json\/wp\/v2\/media\/14915"}],"wp:attachment":[{"href":"https:\/\/uus.kokariided.ee\/en\/wp-json\/wp\/v2\/media?parent=14914"}],"wp:term":[{"taxonomy":"product_cat","embeddable":true,"href":"https:\/\/uus.kokariided.ee\/en\/wp-json\/wp\/v2\/product_cat?post=14914"},{"taxonomy":"product_tag","embeddable":true,"href":"https:\/\/uus.kokariided.ee\/en\/wp-json\/wp\/v2\/product_tag?post=14914"}],"curies":[{"name":"wp","href":"https:\/\/api.w.org\/{rel}","templated":true}]}}