{"id":15024,"date":"2023-01-04T12:32:36","date_gmt":"2023-01-04T12:32:36","guid":{"rendered":"https:\/\/uus.kokariided.ee\/?product=voeoepoll-90x50cm-navy-blue"},"modified":"2025-02-25T15:54:12","modified_gmt":"2025-02-25T15:54:12","slug":"voeoepoll-90x50cm-navy-blue","status":"publish","type":"product","link":"https:\/\/uus.kokariided.ee\/en\/product\/voeoepoll-90x50cm-navy-blue\/","title":{"rendered":"V\u00f6\u00f6p\u00f5ll 90x50cm, teksasinine"},"content":{"rendered":"","protected":false},"excerpt":{"rendered":"<p>Bistroo p\u00f5ll m\u00f5\u00f5tudega 90x50cm, teksa v\u00e4limusega, paigatud taskutega.\u00a0Kangas on vastupidav ja sobilik t\u00f6\u00f6stulikuks pesuks.<br \/>\nMaterjal: 45% pol\u00fcester, 52% puuvill, 3%\u00a0elastolefiin<\/p>","protected":false},"featured_media":15025,"comment_status":"open","ping_status":"closed","template":"","meta":[],"product_cat":[104,112,146,145,784],"product_tag":[],"class_list":{"0":"post-15024","1":"product","2":"type-product","3":"status-publish","4":"has-post-thumbnail","6":"product_brand-greiff","7":"product_cat-kokariided","8":"product_cat-polled","9":"product_cat-polled1755886053","10":"product_cat-teenindusriided","11":"product_cat-voeoepoll-90x50cm1756115204","13":"first","14":"instock","15":"sale","16":"shipping-taxable","17":"purchasable","18":"product-type-variable"},"_links":{"self":[{"href":"https:\/\/uus.kokariided.ee\/en\/wp-json\/wp\/v2\/product\/15024","targetHints":{"allow":["GET"]}}],"collection":[{"href":"https:\/\/uus.kokariided.ee\/en\/wp-json\/wp\/v2\/product"}],"about":[{"href":"https:\/\/uus.kokariided.ee\/en\/wp-json\/wp\/v2\/types\/product"}],"replies":[{"embeddable":true,"href":"https:\/\/uus.kokariided.ee\/en\/wp-json\/wp\/v2\/comments?post=15024"}],"wp:featuredmedia":[{"embeddable":true,"href":"https:\/\/uus.kokariided.ee\/en\/wp-json\/wp\/v2\/media\/15025"}],"wp:attachment":[{"href":"https:\/\/uus.kokariided.ee\/en\/wp-json\/wp\/v2\/media?parent=15024"}],"wp:term":[{"taxonomy":"product_cat","embeddable":true,"href":"https:\/\/uus.kokariided.ee\/en\/wp-json\/wp\/v2\/product_cat?post=15024"},{"taxonomy":"product_tag","embeddable":true,"href":"https:\/\/uus.kokariided.ee\/en\/wp-json\/wp\/v2\/product_tag?post=15024"}],"curies":[{"name":"wp","href":"https:\/\/api.w.org\/{rel}","templated":true}]}}