{"id":15034,"date":"2023-01-04T12:44:35","date_gmt":"2023-01-04T12:44:35","guid":{"rendered":"https:\/\/uus.kokariided.ee\/?product=voeoepoll-100x90-pruunsinine"},"modified":"2025-08-08T11:33:35","modified_gmt":"2025-08-08T11:33:35","slug":"voeoepoll-100x90-pruunsinine","status":"publish","type":"product","link":"https:\/\/uus.kokariided.ee\/en\/product\/voeoepoll-100x90-pruunsinine\/","title":{"rendered":"V\u00f6\u00f6p\u00f5ll 100&#215;90, pruun\/sinine"},"content":{"rendered":"","protected":false},"excerpt":{"rendered":"<p>Pikem v\u00f6\u00f6p\u00f5ll teenindajale, sinise detailiga.<br \/>\nM\u00f5\u00f5dud: laius\/k\u00f5rgus 100x90cm<br \/>\nMaterjal: Pol\u00fcester 65% puuvill 35%, pesu kuni 60 kraadi<\/p>","protected":false},"featured_media":15035,"comment_status":"open","ping_status":"closed","template":"","meta":[],"product_cat":[104,146,112,145,785],"product_tag":[253,229,228],"class_list":{"0":"post-15034","1":"product","2":"type-product","3":"status-publish","4":"has-post-thumbnail","6":"product_brand-greiff","7":"product_cat-kokariided","8":"product_cat-polled1755886053","9":"product_cat-polled","10":"product_cat-teenindusriided","11":"product_cat-voeoepoll-100x80cm1756115206","12":"product_tag-bistroo","13":"product_tag-soodne","14":"product_tag-soodus","16":"first","17":"instock","18":"sale","19":"shipping-taxable","20":"purchasable","21":"product-type-variable"},"_links":{"self":[{"href":"https:\/\/uus.kokariided.ee\/en\/wp-json\/wp\/v2\/product\/15034","targetHints":{"allow":["GET"]}}],"collection":[{"href":"https:\/\/uus.kokariided.ee\/en\/wp-json\/wp\/v2\/product"}],"about":[{"href":"https:\/\/uus.kokariided.ee\/en\/wp-json\/wp\/v2\/types\/product"}],"replies":[{"embeddable":true,"href":"https:\/\/uus.kokariided.ee\/en\/wp-json\/wp\/v2\/comments?post=15034"}],"wp:featuredmedia":[{"embeddable":true,"href":"https:\/\/uus.kokariided.ee\/en\/wp-json\/wp\/v2\/media\/15035"}],"wp:attachment":[{"href":"https:\/\/uus.kokariided.ee\/en\/wp-json\/wp\/v2\/media?parent=15034"}],"wp:term":[{"taxonomy":"product_cat","embeddable":true,"href":"https:\/\/uus.kokariided.ee\/en\/wp-json\/wp\/v2\/product_cat?post=15034"},{"taxonomy":"product_tag","embeddable":true,"href":"https:\/\/uus.kokariided.ee\/en\/wp-json\/wp\/v2\/product_tag?post=15034"}],"curies":[{"name":"wp","href":"https:\/\/api.w.org\/{rel}","templated":true}]}}