{"id":15045,"date":"2023-01-04T15:29:04","date_gmt":"2023-01-04T15:29:04","guid":{"rendered":"https:\/\/uus.kokariided.ee\/?product=kahepoolne-poll-jeans"},"modified":"2024-10-18T15:53:07","modified_gmt":"2024-10-18T15:53:07","slug":"kahepoolne-poll-jeans","status":"publish","type":"product","link":"https:\/\/uus.kokariided.ee\/en\/product\/kahepoolne-poll-jeans\/","title":{"rendered":"Kahepoolne p\u00f5ll Jeans"},"content":{"rendered":"","protected":false},"excerpt":{"rendered":"<p>Kahepoolne p\u00f5ll, millel ees kaks taskut ja millel on k\u00fclgedel paeltega kinnitus.\u00a0<br \/>\n60% puuvill, 40% pol\u00fcester, 220 g\/m2<\/p>","protected":false},"featured_media":15046,"comment_status":"open","ping_status":"closed","template":"","meta":[],"product_cat":[147,703,112,146],"product_tag":[594,593,595,596,538],"class_list":{"0":"post-15045","1":"product","2":"type-product","3":"status-publish","4":"has-post-thumbnail","6":"product_brand-egochef","7":"product_cat-kahepoolne-poll","8":"product_cat-kahepoolne-poll1756094468","9":"product_cat-polled","10":"product_cat-polled1755886053","11":"product_tag-kahepoolne","12":"product_tag-kahepoolne-poll","13":"product_tag-koristaja","14":"product_tag-koristaja-poll","15":"product_tag-poll","17":"first","18":"instock","19":"sale","20":"shipping-taxable","21":"purchasable","22":"product-type-simple"},"_links":{"self":[{"href":"https:\/\/uus.kokariided.ee\/en\/wp-json\/wp\/v2\/product\/15045","targetHints":{"allow":["GET"]}}],"collection":[{"href":"https:\/\/uus.kokariided.ee\/en\/wp-json\/wp\/v2\/product"}],"about":[{"href":"https:\/\/uus.kokariided.ee\/en\/wp-json\/wp\/v2\/types\/product"}],"replies":[{"embeddable":true,"href":"https:\/\/uus.kokariided.ee\/en\/wp-json\/wp\/v2\/comments?post=15045"}],"wp:featuredmedia":[{"embeddable":true,"href":"https:\/\/uus.kokariided.ee\/en\/wp-json\/wp\/v2\/media\/15046"}],"wp:attachment":[{"href":"https:\/\/uus.kokariided.ee\/en\/wp-json\/wp\/v2\/media?parent=15045"}],"wp:term":[{"taxonomy":"product_cat","embeddable":true,"href":"https:\/\/uus.kokariided.ee\/en\/wp-json\/wp\/v2\/product_cat?post=15045"},{"taxonomy":"product_tag","embeddable":true,"href":"https:\/\/uus.kokariided.ee\/en\/wp-json\/wp\/v2\/product_tag?post=15045"}],"curies":[{"name":"wp","href":"https:\/\/api.w.org\/{rel}","templated":true}]}}